{"id":5159,"date":"2024-10-17T13:37:10","date_gmt":"2024-10-17T11:37:10","guid":{"rendered":"https:\/\/oasismilk.com\/?post_type=product&#038;p=5159"},"modified":"2025-07-14T16:02:13","modified_gmt":"2025-07-14T14:02:13","slug":"200-gr-kamelmilch-pulver-in-wiederverschl","status":"publish","type":"product","link":"https:\/\/oasismilk.com\/de\/produkt\/200-gr-kamelmilch-pulver-in-wiederverschl\/","title":{"rendered":"Kamelmilchpulver im wiederverschlie\u00dfbaren Beutel 200gr"},"content":{"rendered":"<p><strong>Lange Haltbarkeit und einfacher Versand<\/strong><\/p>\n<p>Einer der gr\u00f6\u00dften Vorteile von Kamelmilchpulver ist seine lange Haltbarkeit. Unsere wiederverschlie\u00dfbare Verpackung sorgt daf\u00fcr, dass Sie Kamelmilch immer zu Hause haben. Bei richtiger Lagerung an einem trockenen und k\u00fchlen Ort h\u00e4lt sich das Pulver bis zum Verfallsdatum auf der Verpackung. Das Kamelmilchpulver, das Sie erhalten, ist immer mindestens sechs Monate haltbar. Nach dem Mischen mit Wasser kann die Milch 1-2 Tage im K\u00fchlschrank aufbewahrt werden. Dennoch empfehlen wir, es sofort nach der Zubereitung zu trinken, um das beste Geschmackserlebnis zu erzielen.<\/p>\n<p>Mit einer Packung von 400 Gramm k\u00f6nnen Sie problemlos 4 Liter Kamelmilch herstellen. Unser Kamelmilchpulver ist kompakt und leicht, was es ideal f\u00fcr den (internationalen) Versand macht.<\/p>\n<p><strong>Nat\u00fcrlich und nahrhaft<\/strong><\/p>\n<p>Der Herstellungsprozess unseres Kamelmilchpulvers wurde so entwickelt, dass die nat\u00fcrlichen Eigenschaften von frischer Kamelmilch erhalten bleiben. Dies macht es zu einer ausgezeichneten Wahl f\u00fcr alle, die Wert auf Qualit\u00e4t und N\u00e4hrwert legen. Kamelmilch ist bekannt f\u00fcr ihre leicht verdaulichen Proteine und ihre einzigartige Zusammensetzung. Kamelmilch enth\u00e4lt au\u00dferdem Lactoferrin und Immunglobuline, zwei Substanzen, die zu einem st\u00e4rkeren Immunsystem beitragen. Laut der FAO (Weltern\u00e4hrungsorganisation) geh\u00f6rt Kamelmilch zu den ges\u00fcndesten Tiermilchen.<\/p>\n<p>Dar\u00fcber hinaus ist das Pulver sehr benutzerfreundlich. Es l\u00e4sst sich leicht in Wasser aufl\u00f6sen, so dass Sie in wenigen Minuten ein k\u00f6stliches Glas Kamelmilch zubereiten k\u00f6nnen. Ideal f\u00fcr zu Hause, unterwegs oder unterwegs!<\/p>\n<p><strong>Wie verwendet man Kamelmilchpulver?<\/strong><\/p>\n<p>Die Zubereitung von Kamelmilch mit dem Pulver ist einfach:<\/p>\n<ul>\n<li>Nehmen Sie ein Glas mit 200 ml Wasser.<\/li>\n<li>F\u00fcgen Sie 20 Gramm Kamelmilchpulver (etwa zwei Essl\u00f6ffel) hinzu.<\/li>\n<li>Zuerst mit etwas lauwarmem Wasser verr\u00fchren und r\u00fchren, bis sich das Pulver vollst\u00e4ndig aufgel\u00f6st hat.<\/li>\n<li>F\u00fcllen Sie das Glas auf 200 ml und genie\u00dfen Sie Ihre frisch zubereitete Kamelmilch.<\/li>\n<\/ul>\n<p>Um das Mixen noch einfacher zu machen, kannst du auch einen Shaker-Becher verwenden.<\/p>\n<p><strong>Ein vielseitiges Geschmackserlebnis<\/strong><\/p>\n<p>Der Geschmack von Kamelmilch, die aus Pulver zubereitet wird, ist leicht und einzigartig, obwohl sie sich leicht von frischer Kamelmilch unterscheidet. F\u00fcr diejenigen, die gerne eine etwas andere Geschmacksrichtung ausprobieren m\u00f6chten, gibt es mehrere M\u00f6glichkeiten:<\/p>\n<ul>\n<li><strong>S\u00fc\u00df und mild<\/strong>: F\u00fcgen Sie eine Prise Inulin oder Vanillepulver hinzu, um einen weichen, s\u00fc\u00dfen Geschmack zu erhalten.<\/li>\n<li><strong>Schokoladenliebhaber<\/strong>: Stellen Sie Schokoladen-Kamelmilch (ChoCamel) her, indem Sie 3 Teel\u00f6ffel Kakaopulver und 1 Teel\u00f6ffel Zucker zu 20 Gramm Kamelmilchpulver hinzuf\u00fcgen.<\/li>\n<li><strong>Gesunde Smoothies<\/strong>: Verwende Kamelmilchpulver als Basis f\u00fcr Smoothies. Kombinieren Sie es mit Obst f\u00fcr ein nahrhaftes Getr\u00e4nk.<\/li>\n<\/ul>\n<p><strong>Produkte mit Kamelmilchpulver<\/strong><\/p>\n<p>Sie m\u00f6gen den Geschmack von Milch nicht, m\u00f6chten aber trotzdem die einzigartigen Vorteile von Kamelmilch nutzen? Dann sind unsere <a href=\"\/de\/produkt\/kapseln-mit-kamelmilch-pulver\/\">Kamelmilchpulver Kapseln<\/a> die perfekte L\u00f6sung. Sie k\u00f6nnen dies ganz einfach mit etwas Wasser einnehmen.<\/p>\n<\/p>\n<div class=\"table-1\">\n<table width=\"100%\">\n<thead>\n<tr>\n<th align=\"left\">N\u00e4hrwerte<\/th>\n<th align=\"left\">pro 100 Gramm<\/th>\n<\/tr>\n<\/thead>\n<tbody>\n<tr>\n<td align=\"left\">Energie<\/td>\n<td align=\"left\">500 kcal<\/td>\n<\/tr>\n<tr>\n<td align=\"left\">Fett<\/td>\n<td align=\"left\">27 gr<\/td>\n<\/tr>\n<tr>\n<td align=\"left\">Kohlenhydrate (davon Zucker)<\/td>\n<td align=\"left\">39 gr<\/td>\n<\/tr>\n<tr>\n<td align=\"left\">Eiwei\u00df<\/td>\n<td align=\"left\">24 gr<\/td>\n<\/tr>\n<tr>\n<td align=\"left\">Salz<\/td>\n<td align=\"left\">48.5 gr<\/td>\n<\/tr>\n<\/tbody>\n<\/table>\n<\/div>\n<p>\n","protected":false},"excerpt":{"rendered":"<p>Kamelmilchpulver ist eine ideale L\u00f6sung f\u00fcr alle, die die einzigartigen Vorteile von <a href=\"\/de\/frische-kamelmilch\/\">Kamelmilch<\/a> genie\u00dfen m\u00f6chten, aber eine bequeme und lang anhaltende Alternative suchen. Unser Kamelmilchpulver wird aus 100% reiner, unverarbeiteter Kamelmilch hergestellt, ohne Zusatzstoffe. So wird sichergestellt, dass alle essentiellen N\u00e4hrstoffe, wie Vitamine, Mineralstoffe und Proteine, optimal erhalten bleiben.<\/p>\n","protected":false},"featured_media":5161,"comment_status":"open","ping_status":"closed","template":"","meta":{"_acf_changed":false},"product_brand":[],"product_cat":[100],"product_tag":[],"class_list":{"0":"post-5159","1":"product","2":"type-product","3":"status-publish","4":"has-post-thumbnail","6":"product_cat-kamelmilchpulver-und-kapseln","8":"first","9":"instock","10":"featured","11":"taxable","12":"shipping-taxable","13":"purchasable","14":"product-type-simple"},"acf":[],"_links":{"self":[{"href":"https:\/\/oasismilk.com\/de\/wp-json\/wp\/v2\/product\/5159","targetHints":{"allow":["GET"]}}],"collection":[{"href":"https:\/\/oasismilk.com\/de\/wp-json\/wp\/v2\/product"}],"about":[{"href":"https:\/\/oasismilk.com\/de\/wp-json\/wp\/v2\/types\/product"}],"replies":[{"embeddable":true,"href":"https:\/\/oasismilk.com\/de\/wp-json\/wp\/v2\/comments?post=5159"}],"wp:featuredmedia":[{"embeddable":true,"href":"https:\/\/oasismilk.com\/de\/wp-json\/wp\/v2\/media\/5161"}],"wp:attachment":[{"href":"https:\/\/oasismilk.com\/de\/wp-json\/wp\/v2\/media?parent=5159"}],"wp:term":[{"taxonomy":"product_brand","embeddable":true,"href":"https:\/\/oasismilk.com\/de\/wp-json\/wp\/v2\/product_brand?post=5159"},{"taxonomy":"product_cat","embeddable":true,"href":"https:\/\/oasismilk.com\/de\/wp-json\/wp\/v2\/product_cat?post=5159"},{"taxonomy":"product_tag","embeddable":true,"href":"https:\/\/oasismilk.com\/de\/wp-json\/wp\/v2\/product_tag?post=5159"}],"curies":[{"name":"wp","href":"https:\/\/api.w.org\/{rel}","templated":true}]}}