{"id":5157,"date":"2024-10-17T13:37:34","date_gmt":"2024-10-17T13:37:34","guid":{"rendered":"https:\/\/oasismilk.com\/?post_type=product&#038;p=5157"},"modified":"2025-02-07T13:23:39","modified_gmt":"2025-02-07T13:23:39","slug":"kapseln-mit-kamelmilch-pulver","status":"publish","type":"product","link":"https:\/\/oasismilk.com\/de\/produkt\/kapseln-mit-kamelmilch-pulver\/","title":{"rendered":"Kamelmilchpulver Kapseln, 60 St\u00fcck"},"content":{"rendered":"<p><strong>Gebrauchen.<\/strong><\/p>\n<p>Die Kapseln haben nicht die gleichen Eigenschaften wie die <a href=\"\/de\/frische-kamelmilch\/\">frische Kamelmilch<\/a>, da es sich um eine kleinere Menge handelt. F\u00fcr einen sp\u00fcrbaren Effekt empfehlen wir die Einnahme von 2 bis 3 Kapseln pro Tag mit einem Glas Wasser. Die Kapseln sollten drei Monate lang eingenommen werden, um Ergebnisse zu bemerken. Die Kapseln sind nicht gro\u00df und daher einfach einzunehmen. Die handliche Form der Tiegel und Kapseln macht es einfach, sie auf Reisen mitzunehmen. So haben Sie die Vorteile der Kamelmilch immer zur Hand.<\/p>\n<p><strong>Lange Haltbarkeit und einfach zu versenden.<\/strong><\/p>\n<p>Die Kapseln werden in einem handlichen Glas geliefert, in dem sie trocken und dunkel aufbewahrt werden k\u00f6nnen. Dadurch ist gew\u00e4hrleistet, dass sie ein Jahr lang gelagert werden k\u00f6nnen.<\/p>\n<p>Aufgrund der praktischen Form und des geringen Gewichts unserer Kapseln sind sie ideal f\u00fcr den (internationalen) Versand.<\/p>\n<p><strong>Nat\u00fcrlich und nahrhaft.<\/strong><\/p>\n<p>Unsere Kapseln werden so hergestellt, dass sie die nat\u00fcrlichen Eigenschaften der Kamelmilch beibeh\u00e4lt. Daher ist es eine ausgezeichnete Wahl f\u00fcr alle, die Wert auf Qualit\u00e4t und N\u00e4hrwert legen. Unsere Kamelmilch ist bekannt f\u00fcr ihre leicht verdaulichen Proteine und ihre einzigartige Zusammensetzung. Kamelmilch enth\u00e4lt au\u00dferdem Lactoferrin und Immunglobuline, zwei Substanzen, die zu einem st\u00e4rkeren Immunsystem beitragen.\u00a0 Kamelmilch ist laut der FAO (Weltern\u00e4hrungsorganisation) eine der ges\u00fcndesten tierischen Milchsorten.<\/p>\n<p><strong>Kamelmilchprodukte.<\/strong><\/p>\n<p>M\u00f6chten Sie lieber etwas probieren, bei dem Sie das einzigartige Geschmackserlebnis von Kamelmilch probieren k\u00f6nnen? Dann probieren Sie eines unserer anderen <a href=\"\/de\/frische-kamelmilch\/\">Kamelmilchprodukte<\/a>.<\/p>\n","protected":false},"excerpt":{"rendered":"<p><strong>60 Kapseln mit Kamelmilchpulver.<\/strong><\/p>\n<p>Unsere Kapseln mit <a href=\"\/de\/kamelmilchpulver-und-kapseln\/\">Kamelmilchpulver<\/a> sind ideal f\u00fcr Menschen, die keine Kamelmilch m\u00f6gen oder viel unterwegs sind. Die Kamelmilchkapseln sind lange haltbar und leicht zu transportieren. Die Kapseln sind mit 100% nat\u00fcrlicher, unverarbeiteter und getrockneter Kamelmilch von unseren eigenen Kamelen gef\u00fcllt. Ohne jegliche Zusatzstoffe. Die Kapseln selbst werden aus HPMC hergestellt, was bedeutet, dass sie aus pflanzlichem Material hergestellt werden.<\/p>\n","protected":false},"featured_media":5158,"comment_status":"open","ping_status":"closed","template":"","meta":{"_acf_changed":false},"product_brand":[],"product_cat":[100],"product_tag":[],"class_list":{"0":"post-5157","1":"product","2":"type-product","3":"status-publish","4":"has-post-thumbnail","6":"product_cat-kamelmilchpulver-und-kapseln","8":"first","9":"instock","10":"featured","11":"taxable","12":"shipping-taxable","13":"purchasable","14":"product-type-simple"},"acf":[],"_links":{"self":[{"href":"https:\/\/oasismilk.com\/de\/wp-json\/wp\/v2\/product\/5157","targetHints":{"allow":["GET"]}}],"collection":[{"href":"https:\/\/oasismilk.com\/de\/wp-json\/wp\/v2\/product"}],"about":[{"href":"https:\/\/oasismilk.com\/de\/wp-json\/wp\/v2\/types\/product"}],"replies":[{"embeddable":true,"href":"https:\/\/oasismilk.com\/de\/wp-json\/wp\/v2\/comments?post=5157"}],"wp:featuredmedia":[{"embeddable":true,"href":"https:\/\/oasismilk.com\/de\/wp-json\/wp\/v2\/media\/5158"}],"wp:attachment":[{"href":"https:\/\/oasismilk.com\/de\/wp-json\/wp\/v2\/media?parent=5157"}],"wp:term":[{"taxonomy":"product_brand","embeddable":true,"href":"https:\/\/oasismilk.com\/de\/wp-json\/wp\/v2\/product_brand?post=5157"},{"taxonomy":"product_cat","embeddable":true,"href":"https:\/\/oasismilk.com\/de\/wp-json\/wp\/v2\/product_cat?post=5157"},{"taxonomy":"product_tag","embeddable":true,"href":"https:\/\/oasismilk.com\/de\/wp-json\/wp\/v2\/product_tag?post=5157"}],"curies":[{"name":"wp","href":"https:\/\/api.w.org\/{rel}","templated":true}]}}