{"id":5155,"date":"2024-10-17T13:38:28","date_gmt":"2024-10-17T11:38:28","guid":{"rendered":"https:\/\/oasismilk.com\/?post_type=product&#038;p=5155"},"modified":"2025-02-07T13:23:17","modified_gmt":"2025-02-07T13:23:17","slug":"kamelmilch-seife","status":"publish","type":"product","link":"https:\/\/oasismilk.com\/de\/produkt\/kamelmilch-seife\/","title":{"rendered":"Kamelmilch Seife"},"content":{"rendered":"<p>Die Kamelmilch Seife enth\u00e4lt neben Kamelmilch auch Oliven\u00f6l. Es ist ein wahrer Luxus f\u00fcr die Haut. Es ist eine sch\u00f6ne Seifenblock \u00b1 80gr in einem Karton! Auch sch\u00f6n zu Geschenk!<\/p>\n","protected":false},"excerpt":{"rendered":"<p>Die Kamelmilch Seife enth\u00e4lt neben Kamelmilch auch Oliven\u00f6l. Es ist ein wahrer Luxus f\u00fcr die Haut. Es ist eine sch\u00f6ne Seifenblock \u00b1 80gr in einem Karton! Auch sch\u00f6n zu Geschenk!<\/p>\n","protected":false},"featured_media":5156,"comment_status":"open","ping_status":"closed","template":"","meta":{"_acf_changed":false},"product_brand":[],"product_cat":[208],"product_tag":[],"class_list":{"0":"post-5155","1":"product","2":"type-product","3":"status-publish","4":"has-post-thumbnail","6":"product_cat-sonstige-kamelprodukte","8":"first","9":"instock","10":"taxable","11":"shipping-taxable","12":"purchasable","13":"product-type-simple"},"acf":[],"_links":{"self":[{"href":"https:\/\/oasismilk.com\/de\/wp-json\/wp\/v2\/product\/5155","targetHints":{"allow":["GET"]}}],"collection":[{"href":"https:\/\/oasismilk.com\/de\/wp-json\/wp\/v2\/product"}],"about":[{"href":"https:\/\/oasismilk.com\/de\/wp-json\/wp\/v2\/types\/product"}],"replies":[{"embeddable":true,"href":"https:\/\/oasismilk.com\/de\/wp-json\/wp\/v2\/comments?post=5155"}],"wp:featuredmedia":[{"embeddable":true,"href":"https:\/\/oasismilk.com\/de\/wp-json\/wp\/v2\/media\/5156"}],"wp:attachment":[{"href":"https:\/\/oasismilk.com\/de\/wp-json\/wp\/v2\/media?parent=5155"}],"wp:term":[{"taxonomy":"product_brand","embeddable":true,"href":"https:\/\/oasismilk.com\/de\/wp-json\/wp\/v2\/product_brand?post=5155"},{"taxonomy":"product_cat","embeddable":true,"href":"https:\/\/oasismilk.com\/de\/wp-json\/wp\/v2\/product_cat?post=5155"},{"taxonomy":"product_tag","embeddable":true,"href":"https:\/\/oasismilk.com\/de\/wp-json\/wp\/v2\/product_tag?post=5155"}],"curies":[{"name":"wp","href":"https:\/\/api.w.org\/{rel}","templated":true}]}}