{"id":5142,"date":"2024-10-17T13:41:16","date_gmt":"2024-10-17T13:41:16","guid":{"rendered":"https:\/\/oasismilk.com\/?post_type=product&#038;p=5142"},"modified":"2025-02-07T13:21:15","modified_gmt":"2025-02-07T13:21:15","slug":"geschenkpaket-1-copy","status":"publish","type":"product","link":"https:\/\/oasismilk.com\/de\/produkt\/geschenkpaket-1-copy\/","title":{"rendered":"Geschenkverpackung gro\u00df"},"content":{"rendered":"<p>Kamelpaket 2 besteht aus: Kamelseife, Choco Kamele (handgemachte Chocolat, mit Kamelmilch, in Form eines Kamels), einem Chocamel-Lutscher bereit mit Kamelmilch (um k\u00f6stliche hei\u00dfe Schokolade herzustellen) und eine Flasche Kamelmilchlik\u00f6r.<\/p>\n","protected":false},"excerpt":{"rendered":"<p>Kamelpaket 2 besteht aus: Kamelseife, Choco Kamele (handgemachte Chocolat, mit Kamelmilch, in Form eines Kamels), einem Chocamel-Lutscher bereit mit Kamelmilch (um k\u00f6stliche hei\u00dfe Schokolade herzustellen) und eine Flasche Kamelmilchlik\u00f6r.<\/p>\n","protected":false},"featured_media":5143,"comment_status":"open","ping_status":"closed","template":"","meta":{"_acf_changed":false},"product_brand":[],"product_cat":[102],"product_tag":[],"class_list":{"0":"post-5142","1":"product","2":"type-product","3":"status-publish","4":"has-post-thumbnail","6":"product_cat-geschenke","8":"first","9":"instock","10":"taxable","11":"shipping-taxable","12":"purchasable","13":"product-type-simple"},"acf":[],"_links":{"self":[{"href":"https:\/\/oasismilk.com\/de\/wp-json\/wp\/v2\/product\/5142","targetHints":{"allow":["GET"]}}],"collection":[{"href":"https:\/\/oasismilk.com\/de\/wp-json\/wp\/v2\/product"}],"about":[{"href":"https:\/\/oasismilk.com\/de\/wp-json\/wp\/v2\/types\/product"}],"replies":[{"embeddable":true,"href":"https:\/\/oasismilk.com\/de\/wp-json\/wp\/v2\/comments?post=5142"}],"wp:featuredmedia":[{"embeddable":true,"href":"https:\/\/oasismilk.com\/de\/wp-json\/wp\/v2\/media\/5143"}],"wp:attachment":[{"href":"https:\/\/oasismilk.com\/de\/wp-json\/wp\/v2\/media?parent=5142"}],"wp:term":[{"taxonomy":"product_brand","embeddable":true,"href":"https:\/\/oasismilk.com\/de\/wp-json\/wp\/v2\/product_brand?post=5142"},{"taxonomy":"product_cat","embeddable":true,"href":"https:\/\/oasismilk.com\/de\/wp-json\/wp\/v2\/product_cat?post=5142"},{"taxonomy":"product_tag","embeddable":true,"href":"https:\/\/oasismilk.com\/de\/wp-json\/wp\/v2\/product_tag?post=5142"}],"curies":[{"name":"wp","href":"https:\/\/api.w.org\/{rel}","templated":true}]}}