{"id":5126,"date":"2024-10-17T13:44:20","date_gmt":"2024-10-17T13:44:20","guid":{"rendered":"https:\/\/oasismilk.com\/?post_type=product&#038;p=5126"},"modified":"2025-02-07T13:18:30","modified_gmt":"2025-02-07T13:18:30","slug":"kamelausholz","status":"publish","type":"product","link":"https:\/\/oasismilk.com\/de\/produkt\/kamelausholz\/","title":{"rendered":"Blaupause aus h\u00f6lzernem Kamel"},"content":{"rendered":"<p>Sie k\u00f6nnen dieses Holzkamel von mehr als 60 cm H\u00f6he herstellen!<\/p>\n<p><em>Haben Sie etwas mit Ihren Eltern oder Gro\u00dfeltern zu tun?<\/em><\/p>\n<p>Beim Kauf der Konstruktionszeichnungen. Sie bekommen es nach Hause geschickt. Sie k\u00f6nnen dies auf MDF oder Multiplex abdecken. Dann k\u00f6nnen Sie mit dem S\u00e4gen, Bauen und sogar Lackieren beginnen!<\/p>\n<p>Hast du ein sch\u00f6nes Kamel gemalt?<\/p>\n<p>Dann mach mit beim Kamel-Sch\u00f6nheitswettbewerb.<\/p>\n<p><strong>Was brauchen Sie au\u00dfer den Konstruktionszeichnungen?<\/strong><\/p>\n<ul>\n<li>Holz 9 mm starkes MDF (erh\u00e4ltlich im Baumarkt f\u00fcr ca. 8,50 Euro) oder Sperrholz<\/li>\n<li>Querhinterbeine:\u00a0\u00a0\u00a0\u00a0\u00a0 \u00a0\u00a0\u00a0\u00a0\u00a0\u00a0\u00a0\u00a0\u00a0\u00a0\u00a0 25&#215;50 cm<\/li>\n<li>Vorderbeine quer: \u00a0\u00a0\u00a0\u00a0\u00a0\u00a0\u00a0\u00a0\u00a0\u00a0\u00a0 26&#215;45 cm<\/li>\n<li>K\u00f6rperteil links:\u00a0\u00a0\u00a0\u00a0\u00a0\u00a0\u00a0\u00a0\u00a0\u00a0\u00a0\u00a0\u00a0 \u00a0\u00a0\u00a0\u00a0\u00a0\u00a0\u00a0\u00a0\u00a0\u00a0\u00a0 33&#215;73 cm<\/li>\n<li>Rumpfteil rechts:\u00a0\u00a0\u00a0\u00a0\u00a0\u00a0\u00a0\u00a0\u00a0\u00a0 \u00a0\u00a0\u00a0\u00a0\u00a0\u00a0\u00a0\u00a0\u00a0\u00a0\u00a0 33&#215;73 cm<\/li>\n<li>Rumpfteil Mitte:\u00a0\u00a0\u00a0\u00a0\u00a0\u00a0\u00a0 \u00a0\u00a0\u00a0\u00a0\u00a0\u00a0\u00a0\u00a0\u00a0\u00a0\u00a0 33&#215;73 cm<\/li>\n<li>Vorder- und Hinterbeine links: 40&#215;48 cm<\/li>\n<li>Vorder- und Hinterbeine rechts: 40&#215;48 cm<\/li>\n<\/ul>\n<p><strong>Werkzeuge:<\/strong><\/p>\n<ul>\n<li>Stichs\u00e4ge oder Maschinenstichs\u00e4ge<\/li>\n<li>10 mm Speed-Bohrer<\/li>\n<li>Lineal<\/li>\n<li>Geodreieck<\/li>\n<li>Fineliner<\/li>\n<li>Flachdatei<\/li>\n<li>Malerband<\/li>\n<li>Sandpapier<\/li>\n<\/ul>\n","protected":false},"excerpt":{"rendered":"<p>Eine Konstruktionszeichnung zur Herstellung eines Holzkamels von mehr als 60 cm H\u00f6he.<\/p>\n","protected":false},"featured_media":5130,"comment_status":"open","ping_status":"closed","template":"","meta":{"_acf_changed":false},"product_brand":[],"product_cat":[213],"product_tag":[],"class_list":{"0":"post-5126","1":"product","2":"type-product","3":"status-publish","4":"has-post-thumbnail","6":"product_cat-kamel-souvenirs","8":"first","9":"instock","10":"taxable","11":"shipping-taxable","12":"purchasable","13":"product-type-simple"},"acf":[],"_links":{"self":[{"href":"https:\/\/oasismilk.com\/de\/wp-json\/wp\/v2\/product\/5126","targetHints":{"allow":["GET"]}}],"collection":[{"href":"https:\/\/oasismilk.com\/de\/wp-json\/wp\/v2\/product"}],"about":[{"href":"https:\/\/oasismilk.com\/de\/wp-json\/wp\/v2\/types\/product"}],"replies":[{"embeddable":true,"href":"https:\/\/oasismilk.com\/de\/wp-json\/wp\/v2\/comments?post=5126"}],"wp:featuredmedia":[{"embeddable":true,"href":"https:\/\/oasismilk.com\/de\/wp-json\/wp\/v2\/media\/5130"}],"wp:attachment":[{"href":"https:\/\/oasismilk.com\/de\/wp-json\/wp\/v2\/media?parent=5126"}],"wp:term":[{"taxonomy":"product_brand","embeddable":true,"href":"https:\/\/oasismilk.com\/de\/wp-json\/wp\/v2\/product_brand?post=5126"},{"taxonomy":"product_cat","embeddable":true,"href":"https:\/\/oasismilk.com\/de\/wp-json\/wp\/v2\/product_cat?post=5126"},{"taxonomy":"product_tag","embeddable":true,"href":"https:\/\/oasismilk.com\/de\/wp-json\/wp\/v2\/product_tag?post=5126"}],"curies":[{"name":"wp","href":"https:\/\/api.w.org\/{rel}","templated":true}]}}