{"id":5115,"date":"2024-10-17T13:44:48","date_gmt":"2024-10-17T11:44:48","guid":{"rendered":"https:\/\/oasismilk.com\/?post_type=product&#038;p=5115"},"modified":"2025-02-07T13:18:10","modified_gmt":"2025-02-07T13:18:10","slug":"geschenkgutschein-kamelsafari","status":"publish","type":"product","link":"https:\/\/oasismilk.com\/de\/produkt\/geschenkgutschein-kamelsafari\/","title":{"rendered":"Geschenkgutschein Kamelsafari"},"content":{"rendered":"<div id=\"text-3349-0-0-0\" class=\"module module-text text-3349-0-0-0 repeat \">\n<div id=\"text-3349-0-0-0\" class=\"module module-text text-3349-0-0-0 repeat \">\n<p><strong>Was beinhaltet eine Kamelsafari?<\/strong><\/p>\n<p>W\u00e4hrend der Kamelsafari haben Sie die M\u00f6glichkeit, alles \u00fcber das Leben des Kamels, die Geschichte der Kamelmilch und die einzigartigen Vorteile unserer Kamelmilch zu erfahren. W\u00e4hrend Sie eine frische Tasse Kaffee, Tee oder Limonade mit einem St\u00fcck Kuchen genie\u00dfen, folgen Sie einer interessanten Pr\u00e4sentation.<\/p>\n<p>Nach der Erkl\u00e4rung f\u00fchrt Sie unser Guide zu den St\u00e4llen. Hier kann man die Kamele aus n\u00e4chster N\u00e4he bewundern, streicheln und sogar knuddeln. F\u00fcr die abenteuerlustigen Besucher gibt es die M\u00f6glichkeit, auf einem Kamel zu sitzen. W\u00e4hrend des Rundgangs durch die St\u00e4lle erhalten Sie noch mehr Informationen \u00fcber die Kamele und unseren Melkprozess. Danach hat jeder die M\u00f6glichkeit, unsere s\u00fc\u00dfen K\u00e4lber mit der Flasche zu f\u00fcttern. Diese M\u00f6glichkeit besteht immer, da wir das ganze Jahr \u00fcber K\u00e4lber haben!<\/p>\n<p>Zum Abschluss k\u00f6nnen Sie in unserem gem\u00fctlichen Restaurant Kamelmilch probieren und selbst Kamelmilchwaffeln backen.<\/p>\n<p><strong>Bestellen und einl\u00f6sen<\/strong><\/p>\n<p>Wenn Sie einen Geschenkgutschein bestellen, sorgen wir daf\u00fcr, dass Sie diesen per E-Mail erhalten.<\/p>\n<p>Bitte beachten Sie, dass wir f\u00fcr jede Bestellung manuell einen neuen Geschenkgutschein erstellen. Wir tun dies nur montags und mittwochs f\u00fcr alle Bestellungen, die vor 10:00 Uhr aufgegeben werden. Stellen Sie sicher, dass Sie p\u00fcnktlich bestellen.<\/p>\n<p>Wenn Sie einen Besuchstermin gew\u00e4hlt haben, kontaktieren Sie uns am besten. Wir sorgen daf\u00fcr, dass die Reservierung ordnungsgem\u00e4\u00df bearbeitet wird und Sie problemlos auf unserem Kamelsenkereibetrieb erscheinen k\u00f6nnen. Zeigen Sie Ihren Geschenkgutschein bei der Ankunft vor und erhalten Sie ein sch\u00f6nes Souvenir von uns.<\/p>\n<p><strong>Programm Kamelsafaris am Sonntag<br \/>\n<\/strong>13:30 Uhr \u2013 Empfang (bis 14:00 Uhr)14:00 Uhr \u2013 Pr\u00e4sentation mit Kaffee\/Tee\/Limonade und Kuchen14:30 Uhr \u2013 Besichtigung und Aktivit\u00e4ten<br \/>\n15:30 Uhr \u2013 Waffelbacken und Kamelmilchverkostung16:00 Uhr \u2013 Ende des Programms<\/p>\n<p>Ab 13:30 Uhr sind Sie in der Kamelk\u00e4serei willkommen. Nach 14:00 Uhr schlie\u00dft der Eingang und wir lassen keine Besucher mehr rein.<\/p>\n<p><strong>Programm Kamelsafaris montags und freitags11:00 \u2013 Empfang11:30 \u2013 Pr\u00e4sentation mit Kaffee\/Tee\/Limonade und Kuchen <\/strong><br \/>\n12:00 \u2013 Tour und Aktivit\u00e4ten13:00 \u2013 Waffelbacken und Kamelmilchverkostung13:30 \u2013 Ende des Programms<\/p>\n<p>Ab 11:00 Uhr sind Sie in der Kamelk\u00e4serei willkommen. Nach 11:30 Uhr schlie\u00dft der Eingang und wir lassen keine Besucher mehr eintreten.<\/p>\n<p>Stehen Sie im Stau oder k\u00f6nnen Sie nicht teilnehmen? Lassen Sie es uns rechtzeitig wissen. So k\u00f6nnen wir eine passende L\u00f6sung finden.<\/p>\n<p><strong>Preis:<br \/>\n<\/strong>\u20ac 15,- pro Person (Kinder unter 3 Jahren haben freien Eintritt).<\/p>\n<p>Bei schlechtem Wetter sind die Kamele drinnen und das Programm kann wie gewohnt fortgesetzt werden. Im Winter kommen die Kamele erst etwa im April nach drau\u00dfen.<\/p>\n<\/div>\n<\/div>\n","protected":false},"excerpt":{"rendered":"<p><strong>Beschreibung<\/strong><\/p>\n<p><em>Ein besonderer Kamelausflug mit einem Souvenir<\/em><em>. <\/em><\/p>\n<p>Sind Sie auf der Suche nach einem einzigartigen Geschenk? Schenken Sie ein unvergessliches Erlebnis mit unserem Geschenkgutschein f\u00fcr eine Kamelsafari auf der <a href=\"https:\/\/www.kamelenmelk.nl\/de\/\" target=\"_blank\" rel=\"noopener\">Camel Dairy Farm Smits<\/a>. Geeignet f\u00fcr Jung und Alt. Ob mit der Familie, dem Partner, den Enkelkindern oder mit den Freunden, ein lustiger Tag ist immer garantiert.<\/p>\n<p>Die Kamelsafaris finden\u00a0 <strong>jeden zweiten Sonntag<\/strong> sowie montags <strong>und freitags w\u00e4hrend der Schulferien statt.<\/strong> Jeder kann sich f\u00fcr eine Kamelsafari anmelden. So sind Sie nicht an eine Gruppengr\u00f6\u00dfe gebunden. Klicken Sie <a href=\"https:\/\/www.kamelenmelk.nl\/de\/\" target=\"_blank\" rel=\"noopener\">hier<\/a> f\u00fcr die Termine aller unserer bevorstehenden Kamelsafaris.<\/p>\n","protected":false},"featured_media":5125,"comment_status":"open","ping_status":"closed","template":"","meta":{"_acf_changed":false},"product_brand":[],"product_cat":[102],"product_tag":[],"class_list":{"0":"post-5115","1":"product","2":"type-product","3":"status-publish","4":"has-post-thumbnail","6":"product_cat-geschenke","8":"first","9":"instock","10":"downloadable","11":"taxable","12":"shipping-taxable","13":"purchasable","14":"product-type-simple"},"acf":[],"_links":{"self":[{"href":"https:\/\/oasismilk.com\/de\/wp-json\/wp\/v2\/product\/5115","targetHints":{"allow":["GET"]}}],"collection":[{"href":"https:\/\/oasismilk.com\/de\/wp-json\/wp\/v2\/product"}],"about":[{"href":"https:\/\/oasismilk.com\/de\/wp-json\/wp\/v2\/types\/product"}],"replies":[{"embeddable":true,"href":"https:\/\/oasismilk.com\/de\/wp-json\/wp\/v2\/comments?post=5115"}],"wp:featuredmedia":[{"embeddable":true,"href":"https:\/\/oasismilk.com\/de\/wp-json\/wp\/v2\/media\/5125"}],"wp:attachment":[{"href":"https:\/\/oasismilk.com\/de\/wp-json\/wp\/v2\/media?parent=5115"}],"wp:term":[{"taxonomy":"product_brand","embeddable":true,"href":"https:\/\/oasismilk.com\/de\/wp-json\/wp\/v2\/product_brand?post=5115"},{"taxonomy":"product_cat","embeddable":true,"href":"https:\/\/oasismilk.com\/de\/wp-json\/wp\/v2\/product_cat?post=5115"},{"taxonomy":"product_tag","embeddable":true,"href":"https:\/\/oasismilk.com\/de\/wp-json\/wp\/v2\/product_tag?post=5115"}],"curies":[{"name":"wp","href":"https:\/\/api.w.org\/{rel}","templated":true}]}}