{"id":5107,"date":"2024-11-08T14:48:29","date_gmt":"2024-11-08T14:48:29","guid":{"rendered":"https:\/\/oasismilk.com\/?post_type=product&#038;p=5107"},"modified":"2025-02-07T13:17:49","modified_gmt":"2025-02-07T13:17:49","slug":"rabattpaket-kamelmilchpulver-5x-400gr-rabbat","status":"publish","type":"product","link":"https:\/\/oasismilk.com\/de\/produkt\/rabattpaket-kamelmilchpulver-5x-400gr-rabbat\/","title":{"rendered":"Rabattpaket Kamelmilchpulver 5x 400gr im wiederverschlie\u00dfbaren Beutel &#8211; \u20ac69,00\/pro Beutel"},"content":{"rendered":"<p>Neben frischer Kamelmilch gibt es auch Kamelmilchpulver. Ideal zum Versenden und Aufbewahren. Das Milchpulver besteht zu 100 % aus reiner nat\u00fcrlicher Kamelmilch. Durch die spezielle Methode der Spr\u00fchtrocknung bleiben alle N\u00e4hrwerte und Eigenschaften der frischen Kamelmilch erhalten. Milchpulver hat daher die gleiche Wirkung wie frische Kamelmilch, ist nur einfacher aufzubewahren. Das Pulver ist an einem trockenen Ort 1 Jahr haltbar. Aus 400 Gramm Milchpulver lassen sich etwa 20 Gl\u00e4ser Milch gewinnen.<\/p>\n<p>Nicht jeder mag den Geschmack des Milchpulvers, aber Sie k\u00f6nnen ihm Kakao oder Vanilleextrakt hinzuf\u00fcgen, um den Geschmack zu ver\u00e4ndern.<\/p>\n<p>&nbsp;<\/p>\n<p><strong>Alternative zu Kuhmilch<\/strong><br \/>\nManche Menschen trinken keine Kuhmilch. F\u00fcr diese Menschen w\u00e4re Kamelmilch eine gute Alternative. Der Geschmack von Kamelmilch \u00e4hnelt dem von Kuhmilch. Kamelmilch ist zu 100 % frei von Kuhmilchproteinen und enth\u00e4lt ausschlie\u00dflich Kamelmilchproteine.<br \/>\nDiese Proteine tragen zum Wachstum der Muskelmasse und zum Erhalt von Muskelmasse und Knochen bei. Kamelmilch ist eine Kalziumquelle, die zu einer normalen Blutgerinnung beitr\u00e4gt.<\/p>\n<p>&nbsp;<\/p>\n<p><strong><em>Kamelmilchzusammensetzung<\/em><\/strong><\/p>\n<p><em>(Kamelmilchpulver gem\u00e4\u00df Beschreibung mit Wasser vermischt)<\/em><\/p>\n<table style=\"width: 349px;\" width=\"326\">\n<tbody>\n<tr>\n<td style=\"width: 179.531px;\">Eiwei\u00df<\/td>\n<td style=\"width: 153.469px;\">3,4 %<\/td>\n<\/tr>\n<tr>\n<td style=\"width: 179.531px;\">Fett<\/td>\n<td style=\"width: 153.469px;\">4,2 %<\/td>\n<\/tr>\n<tr>\n<td style=\"width: 179.531px;\">Unges\u00e4ttigte Fetts\u00e4uren<\/td>\n<td style=\"width: 153.469px;\">1,8 %<\/td>\n<\/tr>\n<tr>\n<td style=\"width: 179.531px;\">Laktose<\/td>\n<td style=\"width: 153.469px;\">4,3 %<\/td>\n<\/tr>\n<tr>\n<td style=\"width: 179.531px;\">Mineralien<\/td>\n<td style=\"width: 153.469px;\">0,9 %<\/td>\n<\/tr>\n<tr>\n<td style=\"width: 179.531px;\">Energie<\/td>\n<td style=\"width: 153.469px;\">53 kcal\/100 ml (222 kJ)<\/td>\n<\/tr>\n<\/tbody>\n<\/table>\n<p><em>Die folgenden Zahlen sind Prozents\u00e4tze pro 100 ml Milch<\/em><\/p>\n<table style=\"height: 216px;\">\n<tbody>\n<tr style=\"height: 18px;\">\n<td style=\"height: 18px; width: 131px;\"><strong>Mineralien<\/strong><\/td>\n<td style=\"height: 18px; width: 52px;\"><\/td>\n<td style=\"height: 18px; width: 141px;\"><strong>Vitamine<\/strong><\/td>\n<td style=\"height: 18px; width: 56px;\"><\/td>\n<\/tr>\n<tr style=\"height: 18px;\">\n<td style=\"height: 18px; width: 131px;\">Na (mg%)<\/td>\n<td style=\"height: 18px; width: 52px;\">36<\/td>\n<td style=\"height: 18px; width: 141px;\">Thiamin (mg%)<\/td>\n<td style=\"height: 18px; width: 56px;\">0,03<\/td>\n<\/tr>\n<tr style=\"height: 18px;\">\n<td style=\"height: 18px; width: 131px;\">K (mg%)<\/td>\n<td style=\"height: 18px; width: 52px;\">60<\/td>\n<td style=\"height: 18px; width: 141px;\">Riboflavin (mg%)<\/td>\n<td style=\"height: 18px; width: 56px;\">0,04<\/td>\n<\/tr>\n<tr style=\"height: 18px;\">\n<td style=\"height: 18px; width: 131px;\">Ca (mg%)<\/td>\n<td style=\"height: 18px; width: 52px;\">97<\/td>\n<td style=\"height: 18px; width: 141px;\">B6 (mg%)<\/td>\n<td style=\"height: 18px; width: 56px;\">0,05<\/td>\n<\/tr>\n<tr style=\"height: 18px;\">\n<td style=\"height: 18px; width: 131px;\">Mg (mg%)<\/td>\n<td style=\"height: 18px; width: 52px;\">16<\/td>\n<td style=\"height: 18px; width: 141px;\">B12 (mg%)<\/td>\n<td style=\"height: 18px; width: 56px;\">0,0002<\/td>\n<\/tr>\n<tr style=\"height: 18px;\">\n<td style=\"height: 18px; width: 131px;\">Zn (mg%)<\/td>\n<td style=\"height: 18px; width: 52px;\">3.4<\/td>\n<td style=\"height: 18px; width: 141px;\">B3 (mg%)<\/td>\n<td style=\"height: 18px; width: 56px;\">0,046<\/td>\n<\/tr>\n<tr style=\"height: 18px;\">\n<td style=\"height: 18px; width: 131px;\">Fe (mg%)<\/td>\n<td style=\"height: 18px; width: 52px;\">0,04<\/td>\n<td style=\"height: 18px; width: 141px;\">B5 (mg%)<\/td>\n<td style=\"height: 18px; width: 56px;\">0,09<\/td>\n<\/tr>\n<tr style=\"height: 18px;\">\n<td style=\"height: 18px; width: 131px;\">Cu (mg%)<\/td>\n<td style=\"height: 18px; width: 52px;\">0,02<\/td>\n<td style=\"height: 18px; width: 141px;\">Vitamin E (mg%)<\/td>\n<td style=\"height: 18px; width: 56px;\">0,027<\/td>\n<\/tr>\n<tr style=\"height: 18px;\">\n<td style=\"height: 18px; width: 131px;\">Mn (mg%)<\/td>\n<td style=\"height: 18px; width: 52px;\">0,02<\/td>\n<td style=\"height: 18px; width: 141px;\">Vitamin C (mg%)<\/td>\n<td style=\"height: 18px; width: 56px;\">3.6<\/td>\n<\/tr>\n<tr style=\"height: 18px;\">\n<td style=\"height: 18px; width: 131px;\">P (mg%)<\/td>\n<td style=\"height: 18px; width: 52px;\">58<\/td>\n<td style=\"height: 18px; width: 141px;\">Vitamin A (IE)<\/td>\n<td style=\"height: 18px; width: 56px;\">129.1<\/td>\n<\/tr>\n<tr style=\"height: 18px;\">\n<td style=\"height: 18px; width: 131px;\">Cl (mg%)<\/td>\n<td style=\"height: 18px; width: 52px;\">0,16<\/td>\n<td style=\"height: 18px; width: 141px;\">Vitamin D (IE)<\/td>\n<td style=\"height: 18px; width: 56px;\">0,8<\/td>\n<\/tr>\n<tr style=\"height: 18px;\">\n<td style=\"height: 18px; width: 131px;\">Carotin (mg%)<\/td>\n<td style=\"height: 18px; width: 52px;\">0,029<\/td>\n<td style=\"height: 18px; width: 141px;\"><\/td>\n<td style=\"height: 18px; width: 56px;\"><\/td>\n<\/tr>\n<\/tbody>\n<\/table>\n<p>Kamelmilch enth\u00e4lt kein \u03b2-Laktoglobin.<\/p>\n","protected":false},"excerpt":{"rendered":"<p>Kamelmilchpulver ist ideal zum Versenden und Aufbewahren. Das Milchpulver besteht zu 100 % aus reiner nat\u00fcrlicher Kamelmilch. Aus 400 Gramm Milchpulver lassen sich etwa 20 Gl\u00e4ser Milch gewinnen.<\/p>\n","protected":false},"featured_media":5106,"comment_status":"open","ping_status":"closed","template":"","meta":{"_acf_changed":false},"product_brand":[],"product_cat":[100],"product_tag":[],"class_list":{"0":"post-5107","1":"product","2":"type-product","3":"status-publish","4":"has-post-thumbnail","6":"product_cat-kamelmilchpulver-und-kapseln","8":"first","9":"instock","10":"taxable","11":"shipping-taxable","12":"purchasable","13":"product-type-simple"},"acf":[],"_links":{"self":[{"href":"https:\/\/oasismilk.com\/de\/wp-json\/wp\/v2\/product\/5107","targetHints":{"allow":["GET"]}}],"collection":[{"href":"https:\/\/oasismilk.com\/de\/wp-json\/wp\/v2\/product"}],"about":[{"href":"https:\/\/oasismilk.com\/de\/wp-json\/wp\/v2\/types\/product"}],"replies":[{"embeddable":true,"href":"https:\/\/oasismilk.com\/de\/wp-json\/wp\/v2\/comments?post=5107"}],"wp:featuredmedia":[{"embeddable":true,"href":"https:\/\/oasismilk.com\/de\/wp-json\/wp\/v2\/media\/5106"}],"wp:attachment":[{"href":"https:\/\/oasismilk.com\/de\/wp-json\/wp\/v2\/media?parent=5107"}],"wp:term":[{"taxonomy":"product_brand","embeddable":true,"href":"https:\/\/oasismilk.com\/de\/wp-json\/wp\/v2\/product_brand?post=5107"},{"taxonomy":"product_cat","embeddable":true,"href":"https:\/\/oasismilk.com\/de\/wp-json\/wp\/v2\/product_cat?post=5107"},{"taxonomy":"product_tag","embeddable":true,"href":"https:\/\/oasismilk.com\/de\/wp-json\/wp\/v2\/product_tag?post=5107"}],"curies":[{"name":"wp","href":"https:\/\/api.w.org\/{rel}","templated":true}]}}