{"id":8521,"date":"2025-06-19T16:53:31","date_gmt":"2025-06-19T14:53:31","guid":{"rendered":"https:\/\/oasismilk.com\/?page_id=8521"},"modified":"2025-06-19T17:04:06","modified_gmt":"2025-06-19T15:04:06","slug":"kamelmilch-alternative-fuer-kuhmilch","status":"publish","type":"page","link":"https:\/\/oasismilk.com\/de\/kamelmilch-alternative-fuer-kuhmilch\/","title":{"rendered":"Kamelmilch Eine Nat\u00fcrliche Alternative"},"content":{"rendered":"<div class=\"fusion-fullwidth fullwidth-box fusion-builder-row-1 fusion-flex-container has-pattern-background has-mask-background nonhundred-percent-fullwidth non-hundred-percent-height-scrolling\" style=\"--awb-border-radius-top-left:0px;--awb-border-radius-top-right:0px;--awb-border-radius-bottom-right:0px;--awb-border-radius-bottom-left:0px;--awb-padding-top:0px;--awb-padding-right:15px;--awb-padding-bottom:60px;--awb-padding-left:15px;--awb-flex-wrap:wrap;\" ><div class=\"fusion-builder-row fusion-row fusion-flex-align-items-flex-start fusion-flex-content-wrap\" style=\"max-width:1248px;margin-left: calc(-4% \/ 2 );margin-right: calc(-4% \/ 2 );\"><div class=\"fusion-layout-column fusion_builder_column fusion-builder-column-0 fusion_builder_column_3_5 3_5 fusion-flex-column\" style=\"--awb-bg-size:cover;--awb-width-large:60%;--awb-margin-top-large:0px;--awb-spacing-right-large:3.2%;--awb-margin-bottom-large:0px;--awb-spacing-left-large:3.2%;--awb-width-medium:60%;--awb-order-medium:0;--awb-spacing-right-medium:3.2%;--awb-spacing-left-medium:3.2%;--awb-width-small:100%;--awb-order-small:0;--awb-spacing-right-small:1.92%;--awb-spacing-left-small:1.92%;\"><div class=\"fusion-column-wrapper fusion-column-has-shadow fusion-flex-justify-content-flex-start fusion-content-layout-column\"><div class=\"fusion-title title fusion-title-1 fusion-sep-none fusion-title-text fusion-title-size-one\" style=\"--awb-margin-top:0px;--awb-margin-top-small:10px;--awb-margin-right-small:0px;--awb-margin-bottom-small:10px;--awb-margin-left-small:0px;\"><h1 class=\"fusion-title-heading title-heading-left\" style=\"margin:0;text-transform:none;\">Kamelmilch: Eine Nat\u00fcrliche Alternative mit Besonderen Eigenschaften<\/h1><\/div><div class=\"fusion-text fusion-text-1\" style=\"--awb-content-alignment:left;\"><p>Kamelmilch erlebt derzeit einen Aufschwung als Alternative zu herk\u00f6mmlichen Milchsorten. Diese besondere Milch, die von Dromedaren stammt, wird seit Jahrhunderten in Teilen Afrikas, des Nahen Ostens und Asiens konsumiert. Aufgrund ihrer einzigartigen Zusammensetzung und nat\u00fcrlichen Eigenschaften entdecken immer mehr Menschen Kamelmilch als Teil einer abwechslungsreichen Ern\u00e4hrung.<\/p>\n<\/div><div class=\"fusion-separator fusion-full-width-sep\" style=\"align-self: center;margin-left: auto;margin-right: auto;margin-bottom:35px;width:100%;\"><\/div><div style=\"text-align:left;\"><a class=\"fusion-button button-flat fusion-button-default-size button-custom fusion-button-default button-1 fusion-button-default-span fusion-button-default-type\" style=\"--button_accent_color:var(--awb-color1);--button_accent_hover_color:var(--awb-color1);--button_border_hover_color:var(--awb-color1);--button_gradient_top_color:var(--awb-color4);--button_gradient_bottom_color:var(--awb-color4);--button_gradient_top_color_hover:hsla(var(--awb-color3-h),var(--awb-color3-s),calc(var(--awb-color3-l) - 2%),var(--awb-color3-a));--button_gradient_bottom_color_hover:hsla(var(--awb-color3-h),var(--awb-color3-s),calc(var(--awb-color3-l) - 2%),var(--awb-color3-a));--button_font_size:14px;--button_typography-font-family:&quot;Kanit&quot;;--button_typography-font-style:normal;--button_typography-font-weight:600;\" target=\"_self\" href=\"\/de\/frische-kamelmilch\/\"><span class=\"fusion-button-text awb-button__text awb-button__text--default\">Kaufe Kamelmilch online<\/span><\/a><\/div><div class=\"fusion-separator fusion-full-width-sep\" style=\"align-self: center;margin-left: auto;margin-right: auto;margin-bottom:35px;width:100%;\"><\/div><\/div><\/div><div class=\"fusion-layout-column fusion_builder_column fusion-builder-column-1 fusion_builder_column_1_3 1_3 fusion-flex-column\" style=\"--awb-bg-size:cover;--awb-width-large:33.333333333333%;--awb-margin-top-large:0px;--awb-spacing-right-large:5.76%;--awb-margin-bottom-large:0px;--awb-spacing-left-large:5.76%;--awb-width-medium:33.333333333333%;--awb-order-medium:0;--awb-spacing-right-medium:5.76%;--awb-spacing-left-medium:5.76%;--awb-width-small:100%;--awb-order-small:0;--awb-spacing-right-small:1.92%;--awb-spacing-left-small:1.92%;\"><div class=\"fusion-column-wrapper fusion-column-has-shadow fusion-flex-justify-content-flex-start fusion-content-layout-column\"><div class=\"fusion-image-element \" style=\"--awb-caption-title-font-family:var(--h2_typography-font-family);--awb-caption-title-font-weight:var(--h2_typography-font-weight);--awb-caption-title-font-style:var(--h2_typography-font-style);--awb-caption-title-size:var(--h2_typography-font-size);--awb-caption-title-transform:var(--h2_typography-text-transform);--awb-caption-title-line-height:var(--h2_typography-line-height);--awb-caption-title-letter-spacing:var(--h2_typography-letter-spacing);\"><span class=\" fusion-imageframe imageframe-none imageframe-1 hover-type-none\" style=\"border-radius:15px;\"><img decoding=\"async\" width=\"768\" height=\"768\" alt=\"Kamelmilch: Eine Nat\u00fcrliche Alternative mit Besonderen Eigenschaften\" title=\"Kamelmilch: Eine Nat\u00fcrliche Alternative mit Besonderen Eigenschaften\" src=\"https:\/\/oasismilk.com\/wp-content\/uploads\/2025\/06\/kamelmilch-alternative-fuer-kuhmilch-oasismilk.jpg\" data-orig-src=\"https:\/\/oasismilk.com\/wp-content\/uploads\/2025\/06\/kamelmilch-alternative-fuer-kuhmilch-oasismilk.jpg\" class=\"lazyload img-responsive wp-image-8522\" srcset=\"data:image\/svg+xml,%3Csvg%20xmlns%3D%27http%3A%2F%2Fwww.w3.org%2F2000%2Fsvg%27%20width%3D%27768%27%20height%3D%27768%27%20viewBox%3D%270%200%20768%20768%27%3E%3Crect%20width%3D%27768%27%20height%3D%27768%27%20fill-opacity%3D%220%22%2F%3E%3C%2Fsvg%3E\" data-srcset=\"https:\/\/oasismilk.com\/wp-content\/uploads\/2025\/06\/kamelmilch-alternative-fuer-kuhmilch-oasismilk-200x200.jpg 200w, https:\/\/oasismilk.com\/wp-content\/uploads\/2025\/06\/kamelmilch-alternative-fuer-kuhmilch-oasismilk-400x400.jpg 400w, https:\/\/oasismilk.com\/wp-content\/uploads\/2025\/06\/kamelmilch-alternative-fuer-kuhmilch-oasismilk-600x600.jpg 600w, https:\/\/oasismilk.com\/wp-content\/uploads\/2025\/06\/kamelmilch-alternative-fuer-kuhmilch-oasismilk.jpg 768w\" data-sizes=\"auto\" data-orig-sizes=\"(max-width: 800px) 100vw, 400px\" \/><\/span><\/div><\/div><\/div><div class=\"fusion-layout-column fusion_builder_column fusion-builder-column-2 fusion_builder_column_1_1 1_1 fusion-flex-column\" style=\"--awb-bg-size:cover;--awb-width-large:100%;--awb-margin-top-large:0px;--awb-spacing-right-large:1.92%;--awb-margin-bottom-large:0px;--awb-spacing-left-large:1.92%;--awb-width-medium:100%;--awb-order-medium:0;--awb-spacing-right-medium:1.92%;--awb-spacing-left-medium:1.92%;--awb-width-small:100%;--awb-order-small:0;--awb-spacing-right-small:1.92%;--awb-spacing-left-small:1.92%;\"><div class=\"fusion-column-wrapper fusion-column-has-shadow fusion-flex-justify-content-flex-start fusion-content-layout-column\"><div class=\"fusion-separator fusion-full-width-sep\" style=\"align-self: center;margin-left: auto;margin-right: auto;margin-bottom:35px;width:100%;\"><\/div><div class=\"fusion-text fusion-text-2\"><h2><strong>Was macht Kamelmilch so besonders?<\/strong><\/h2>\n<p>Kamelmilch unterscheidet sich in vielerlei Hinsicht von Kuhmilch. Sie enth\u00e4lt auf nat\u00fcrliche Weise eine Vielzahl an N\u00e4hrstoffen, darunter:<\/p>\n<ul>\n<li>Proteine<\/li>\n<li>Vitamine wie B1, B2 und C<\/li>\n<li>Mineralstoffe wie Eisen, Kalzium und Zink<\/li>\n<li>Nat\u00fcrliche Fette mit einer feineren Struktur als bei vielen anderen Milchsorten<\/li>\n<\/ul>\n<p>Dank dieser Zusammensetzung ist Kamelmilch eine interessante Alternative f\u00fcr Menschen, die ihre Ern\u00e4hrung mit Milch aus einer anderen Quelle als Kuh, Schaf oder Ziege bereichern m\u00f6chten.<\/p>\n<h2><strong>Kamelmilch und Laktose<\/strong><\/h2>\n<p>Eine h\u00e4ufig genannte Eigenschaft von Kamelmilch ist ihr im Vergleich zu Kuhmilch relativ niedriger Laktosegehalt. Deshalb entscheiden sich manche Menschen mit Laktoseempfindlichkeit daf\u00fcr, Kamelmilch auszuprobieren. Wichtig: Das bedeutet nicht, dass Kamelmilch komplett laktosefrei ist. Bei Unsicherheiten oder bestimmten Nahrungsmittelunvertr\u00e4glichkeiten sollte man stets einen Arzt oder Ern\u00e4hrungsberater konsultieren.<\/p>\n<h2><strong>Traditionelle Nutzung und zunehmendes Interesse<\/strong><\/h2>\n<p>In vielen Kulturen wird Kamelmilch seit Generationen gesch\u00e4tzt. Sie wird traditionell als Getr\u00e4nk in hei\u00dfen Regionen konsumiert, in denen Kamele ein fester Bestandteil des Alltags sind. Auch in Europa und anderen Teilen der Welt w\u00e4chst das Interesse \u2013 nicht zuletzt, weil Verbraucher zunehmend Wert auf bewusste Ern\u00e4hrung, Nachhaltigkeit und tierische Produkte legen.<\/p>\n<h2><strong>Eine nachhaltige Wahl<\/strong><\/h2>\n<p>Kamele sind von Natur aus gut an trockene Klimazonen angepasst und ben\u00f6tigen im Vergleich zu anderen Milchtieren relativ wenig Wasser und Futter. Dadurch ist Kamelmilch auch aus Sicht der Nachhaltigkeit und \u00f6kologischen Fu\u00dfabdruck eine interessante Wahl.<\/p>\n<h2><strong>Verf\u00fcgbarkeit und Konsum<\/strong><\/h2>\n<p>Kamelmilch ist heute in verschiedenen Formen erh\u00e4ltlich: frisch (gefroren), pasteurisiert, gefriergetrocknet als Pulver oder verarbeitet in Kapselform. Immer mehr Online-Shops und Fachgesch\u00e4fte bieten Kamelmilch an \u2013 oft mit Halal-Zertifizierung f\u00fcr Verbraucher, die darauf Wert legen.<\/p>\n<h2><strong>Fazit<\/strong><\/h2>\n<p>Kamelmilch bietet eine einzigartige Zusammensetzung und Herkunft. Auch wenn keine medizinischen Aussagen getroffen werden d\u00fcrfen, bleibt sie eine interessante Option f\u00fcr alle, die innerhalb eines bewussten Lebensstils nach Abwechslung suchen. Ziehen Sie Kamelmilch als Erg\u00e4nzung zu Ihrer t\u00e4glichen Ern\u00e4hrung in Betracht und entdecken Sie selbst, warum diese Milch in vielen Kulturen seit Jahrhunderten gesch\u00e4tzt wird.<\/p>\n<\/div><div class=\"fusion-separator fusion-full-width-sep\" style=\"align-self: center;margin-left: auto;margin-right: auto;margin-bottom:35px;width:100%;\"><\/div><div style=\"text-align:left;\"><a class=\"fusion-button button-flat fusion-button-default-size button-custom fusion-button-default button-2 fusion-button-default-span fusion-button-default-type\" style=\"--button_accent_color:var(--awb-color1);--button_accent_hover_color:var(--awb-color1);--button_border_hover_color:var(--awb-color1);--button_gradient_top_color:var(--awb-color4);--button_gradient_bottom_color:var(--awb-color4);--button_gradient_top_color_hover:hsla(var(--awb-color3-h),var(--awb-color3-s),calc(var(--awb-color3-l) - 2%),var(--awb-color3-a));--button_gradient_bottom_color_hover:hsla(var(--awb-color3-h),var(--awb-color3-s),calc(var(--awb-color3-l) - 2%),var(--awb-color3-a));--button_font_size:14px;--button_typography-font-family:&quot;Kanit&quot;;--button_typography-font-style:normal;--button_typography-font-weight:600;\" target=\"_self\" href=\"\/de\/frische-kamelmilch\/\"><span class=\"fusion-button-text awb-button__text awb-button__text--default\">Kaufe Kamelmilch online<\/span><\/a><\/div><\/div><\/div><\/div><\/div>\n","protected":false},"excerpt":{"rendered":"","protected":false},"author":1,"featured_media":0,"parent":0,"menu_order":0,"comment_status":"closed","ping_status":"closed","template":"100-width.php","meta":{"_acf_changed":false,"footnotes":""},"class_list":["post-8521","page","type-page","status-publish","hentry"],"acf":[],"_links":{"self":[{"href":"https:\/\/oasismilk.com\/de\/wp-json\/wp\/v2\/pages\/8521","targetHints":{"allow":["GET"]}}],"collection":[{"href":"https:\/\/oasismilk.com\/de\/wp-json\/wp\/v2\/pages"}],"about":[{"href":"https:\/\/oasismilk.com\/de\/wp-json\/wp\/v2\/types\/page"}],"author":[{"embeddable":true,"href":"https:\/\/oasismilk.com\/de\/wp-json\/wp\/v2\/users\/1"}],"replies":[{"embeddable":true,"href":"https:\/\/oasismilk.com\/de\/wp-json\/wp\/v2\/comments?post=8521"}],"version-history":[{"count":3,"href":"https:\/\/oasismilk.com\/de\/wp-json\/wp\/v2\/pages\/8521\/revisions"}],"predecessor-version":[{"id":8529,"href":"https:\/\/oasismilk.com\/de\/wp-json\/wp\/v2\/pages\/8521\/revisions\/8529"}],"wp:attachment":[{"href":"https:\/\/oasismilk.com\/de\/wp-json\/wp\/v2\/media?parent=8521"}],"curies":[{"name":"wp","href":"https:\/\/api.w.org\/{rel}","templated":true}]}}