{"id":6473,"date":"2024-12-19T08:53:01","date_gmt":"2024-12-19T08:53:01","guid":{"rendered":"https:\/\/oasismilk.com\/?page_id=6473"},"modified":"2025-01-14T13:37:02","modified_gmt":"2025-01-14T13:37:02","slug":"zertifikate-und-zuverlaessigkeit","status":"publish","type":"page","link":"https:\/\/oasismilk.com\/de\/zertifikate-und-zuverlaessigkeit\/","title":{"rendered":"Zertifikate und Zuverl\u00e4ssigkeit"},"content":{"rendered":"<div class=\"fusion-fullwidth fullwidth-box fusion-builder-row-1 fusion-flex-container has-pattern-background has-mask-background nonhundred-percent-fullwidth non-hundred-percent-height-scrolling\" style=\"--awb-border-radius-top-left:0px;--awb-border-radius-top-right:0px;--awb-border-radius-bottom-right:0px;--awb-border-radius-bottom-left:0px;--awb-padding-top:0px;--awb-padding-right:15px;--awb-padding-bottom:60px;--awb-padding-left:15px;--awb-flex-wrap:wrap;\" ><div class=\"fusion-builder-row fusion-row fusion-flex-align-items-flex-start fusion-flex-content-wrap\" style=\"max-width:1248px;margin-left: calc(-4% \/ 2 );margin-right: calc(-4% \/ 2 );\"><div class=\"fusion-layout-column fusion_builder_column fusion-builder-column-0 fusion_builder_column_1_1 1_1 fusion-flex-column\" style=\"--awb-bg-size:cover;--awb-width-large:100%;--awb-margin-top-large:0px;--awb-spacing-right-large:1.92%;--awb-margin-bottom-large:0px;--awb-spacing-left-large:1.92%;--awb-width-medium:100%;--awb-order-medium:0;--awb-spacing-right-medium:1.92%;--awb-spacing-left-medium:1.92%;--awb-width-small:100%;--awb-order-small:0;--awb-spacing-right-small:1.92%;--awb-spacing-left-small:1.92%;\" data-scroll-devices=\"small-visibility,medium-visibility,large-visibility\"><div class=\"fusion-column-wrapper fusion-column-has-shadow fusion-flex-justify-content-flex-start fusion-content-layout-column\"><div class=\"fusion-title title fusion-title-1 fusion-sep-none fusion-title-text fusion-title-size-one\" style=\"--awb-margin-top:0px;--awb-margin-top-small:10px;--awb-margin-right-small:0px;--awb-margin-bottom-small:10px;--awb-margin-left-small:0px;\"><h1 class=\"fusion-title-heading title-heading-left\" style=\"margin:0;\">Zertifikate und Zuverl\u00e4ssigkeit<\/h1><\/div><div class=\"fusion-text fusion-text-1\"><p>Wir von Camel Dairy Smits erf\u00fcllen die h\u00f6chsten Qualit\u00e4tsstandards. Wir sind stolz darauf, unsere Zertifizierung unter der Aufsicht der Zentralen Organisation f\u00fcr Qualit\u00e4tssicherung (COKZ) zu erhalten.<\/p>\n<p>Indem wir unter die Kontrolle des COKZ fallen, garantieren wir, dass unsere Kamelmilch und Kamelmilchprodukte den gesetzlichen Anforderungen an Lebensmittelsicherheit, Tierfreundlichkeit und Qualit\u00e4tssicherung entsprechen. Das bedeutet, dass wir uns regelm\u00e4\u00dfigen Inspektionen und Kontrollen unterziehen, die eine genaue Bewertung unserer Milchprodukte, der Hygienepraktiken und der Qualit\u00e4t unserer Produkte beinhalten.<\/p>\n<p>Unsere Zertifizierung ist ein Beweis f\u00fcr unser Engagement f\u00fcr Transparenz, Qualit\u00e4t und F\u00fcrsorge sowohl f\u00fcr die Tiere als auch f\u00fcr unsere Kunden. Wir sind stolz darauf, die h\u00f6chsten Standards zu erf\u00fcllen und investieren weiterhin in die Verbesserung unserer Prozesse, um die Qualit\u00e4t unserer Produkte zu gew\u00e4hrleisten.<\/p>\n<p>Mit dieser Zertifizierung k\u00f6nnen unsere Kunden sicher sein, dass sie hochwertige und sichere Kamelmilch kaufen, die unter strengsten Bedingungen hergestellt wird.<\/p>\n<p><strong>Kontrolle der Milch.<\/strong><\/p>\n<p>Wir nehmen regelm\u00e4\u00dfig Proben von unserer frischen Milch. Diese Proben schicken wir an ein unabh\u00e4ngiges Labor, das die Qualit\u00e4t unserer Milch noch einmal misst. Auf diese Weise gew\u00e4hrleisten wir die Gew\u00e4hrleistung der Qualit\u00e4t, der Lebensmittelsicherheit und des Wissens \u00fcber den N\u00e4hrwert unserer Kamelmilch.<\/p>\n<p>Sie kontrollieren zum Beispiel die Zusammensetzung der Kamelmilch. Dazu geh\u00f6ren Fett, Eiwei\u00df und Laktose. Sie testen auch die Qualit\u00e4t der Kamelmilch, wie z. B. die Keimzahl, die Sauberkeit und den Gefrierpunkt.<\/p>\n<p>Unsere Kamelmilch ist zu 100% frei von Antibiotika und Hormonen. Unsere Kamele bekommen von uns keine Hormone und bei Bedarf keine Antibiotika. Wenn eines unserer Kamele Antibiotika erh\u00e4lt, stellen wir sicher, dass diese Milch nicht f\u00fcr die Produktion verwendet wird.<\/p>\n<p>Auf diese Weise gibt es immer eine Garantie f\u00fcr Kamelmilch von h\u00f6chster Qualit\u00e4t.<\/p>\n<\/div><\/div><\/div><\/div><\/div>\n","protected":false},"excerpt":{"rendered":"","protected":false},"author":1,"featured_media":0,"parent":0,"menu_order":0,"comment_status":"closed","ping_status":"closed","template":"100-width.php","meta":{"_acf_changed":false,"footnotes":""},"class_list":["post-6473","page","type-page","status-publish","hentry"],"acf":[],"_links":{"self":[{"href":"https:\/\/oasismilk.com\/de\/wp-json\/wp\/v2\/pages\/6473","targetHints":{"allow":["GET"]}}],"collection":[{"href":"https:\/\/oasismilk.com\/de\/wp-json\/wp\/v2\/pages"}],"about":[{"href":"https:\/\/oasismilk.com\/de\/wp-json\/wp\/v2\/types\/page"}],"author":[{"embeddable":true,"href":"https:\/\/oasismilk.com\/de\/wp-json\/wp\/v2\/users\/1"}],"replies":[{"embeddable":true,"href":"https:\/\/oasismilk.com\/de\/wp-json\/wp\/v2\/comments?post=6473"}],"version-history":[{"count":0,"href":"https:\/\/oasismilk.com\/de\/wp-json\/wp\/v2\/pages\/6473\/revisions"}],"wp:attachment":[{"href":"https:\/\/oasismilk.com\/de\/wp-json\/wp\/v2\/media?parent=6473"}],"curies":[{"name":"wp","href":"https:\/\/api.w.org\/{rel}","templated":true}]}}