{"id":4983,"date":"2024-10-11T16:11:21","date_gmt":"2024-10-11T14:11:21","guid":{"rendered":"https:\/\/oasismilk.com\/?page_id=4983"},"modified":"2025-07-02T14:29:10","modified_gmt":"2025-07-02T12:29:10","slug":"versand-lieferung","status":"publish","type":"page","link":"https:\/\/oasismilk.com\/de\/versand-lieferung\/","title":{"rendered":"Versand &#038; Lieferung"},"content":{"rendered":"<div class=\"fusion-fullwidth fullwidth-box fusion-builder-row-1 fusion-flex-container has-pattern-background has-mask-background nonhundred-percent-fullwidth non-hundred-percent-height-scrolling\" style=\"--awb-border-radius-top-left:0px;--awb-border-radius-top-right:0px;--awb-border-radius-bottom-right:0px;--awb-border-radius-bottom-left:0px;--awb-padding-top:0px;--awb-padding-right:15px;--awb-padding-bottom:60px;--awb-padding-left:15px;--awb-flex-wrap:wrap;\" ><div class=\"fusion-builder-row fusion-row fusion-flex-align-items-flex-start fusion-flex-content-wrap\" style=\"max-width:1248px;margin-left: calc(-4% \/ 2 );margin-right: calc(-4% \/ 2 );\"><div class=\"fusion-layout-column fusion_builder_column fusion-builder-column-0 fusion_builder_column_1_1 1_1 fusion-flex-column\" style=\"--awb-bg-size:cover;--awb-width-large:100%;--awb-margin-top-large:0px;--awb-spacing-right-large:1.92%;--awb-margin-bottom-large:0px;--awb-spacing-left-large:1.92%;--awb-width-medium:100%;--awb-order-medium:0;--awb-spacing-right-medium:1.92%;--awb-spacing-left-medium:1.92%;--awb-width-small:100%;--awb-order-small:0;--awb-spacing-right-small:1.92%;--awb-spacing-left-small:1.92%;\"><div class=\"fusion-column-wrapper fusion-column-has-shadow fusion-flex-justify-content-flex-start fusion-content-layout-column\"><div class=\"fusion-title title fusion-title-1 fusion-sep-none fusion-title-text fusion-title-size-one\" style=\"--awb-margin-bottom:40px;--awb-margin-top-small:10px;--awb-margin-right-small:0px;--awb-margin-bottom-small:10px;--awb-margin-left-small:0px;\"><h1 class=\"fusion-title-heading title-heading-left\" style=\"margin:0;\">Versand &amp; Lieferung<\/h1><\/div><div class=\"fusion-text fusion-text-1\"><p>Wir bearbeiten Bestellungen montags und mittwochs. Bestellungen, die an diesen Tagen vor 10:00 Uhr aufgegeben und bezahlt werden, werden dann versandt. Frische und gefrorene Kamelmilch au\u00dferhalb der Niederlande, Belgiens und Deutschlands wird nur montags versendet.<\/p>\n<p>Wenn Sie aus Schweden bestellen m\u00f6chten, k\u00f6nnen Sie dies \u00fcber unsere schwedische Website <a href=\"http:\/\/www.oasismilk.se\" target=\"_blank\" rel=\"noopener\">http:\/\/www.oasismilk.se tun<\/a>.<\/p>\n<\/p>\n<div class=\"table-1\">\n<table width=\"100%\">\n<thead>\n<tr>\n<th align=\"left\"><strong>Bestellung aufgegeben<\/strong><\/th>\n<th align=\"left\"><strong>Versand Niederlande, Belgien und Deutschland<\/strong><\/th>\n<th align=\"left\"><strong>Versand in andere L\u00e4nder<\/strong><\/th>\n<\/tr>\n<\/thead>\n<tbody>\n<tr>\n<td align=\"left\">Montag vor 10:00 Uhr<\/td>\n<td align=\"left\">Montag<\/td>\n<td align=\"left\">Montag<\/td>\n<\/tr>\n<tr>\n<td align=\"left\">Montag nach 10:00 Uhr;<br \/>\nvor Mittwoch 10:00 Uhr<\/td>\n<td align=\"left\">Mittwoch<\/td>\n<td align=\"left\">Montag<\/td>\n<\/tr>\n<tr>\n<td align=\"left\">Mittwoch nach 10:00 Uhr<\/td>\n<td align=\"left\">Montag<\/td>\n<td align=\"left\">Montag<\/td>\n<\/tr>\n<\/tbody>\n<\/table>\n<\/div>\n<p>\n<p><strong>Versand innerhalb der Niederlande<\/strong><\/p>\n<p>Innerhalb der Niederlande ist I&amp;L Logistics K\u00fchl- und Tiefk\u00fchltransporte, unser Standard f\u00fcr frische und gefrorene Kamelmilch. Sie sorgen daf\u00fcr, dass Ihre Milch w\u00e4hrend der gesamten Sendung gek\u00fchlt oder eingefroren wird und liefern Ihnen die Bestellung am Tag nach dem Versand. Wenn die Milch verpackt ist, erhalten Sie eine E-Mail mit Informationen zur Sendung (\u00fcberpr\u00fcfen Sie auch Ihren Spam-Ordner).<\/p>\n<p>Es ist wichtig, dass zum Zeitpunkt der Lieferung jemand anwesend ist, um das Paket in Empfang zu nehmen. Wenn niemand anwesend ist, fallen Kosten f\u00fcr die Vereinbarung eines neuen Liefertermins an. Die Bestellung wird dann zur\u00fcck in das Warenhaus von I&amp;L Logistics gebracht, wo sie in den Gefrierschrank kommt. Wir verstehen, dass es manchmal schwierig sein kann, die ganze Zeit zu Hause zu sein. Wenn Sie wissen m\u00f6chten, wann sie kommen werden, k\u00f6nnen Sie sich am Liefertag morgens an I&amp;L Logistics wenden. Die Details dazu finden Sie in der E-Mail, die zum Zeitpunkt des Verpackens gesendet wird.<\/p>\n<p>Nachdem Sie die Milch erhalten haben, stellen Sie sie direkt in den K\u00fchlschrank oder Gefrierschrank. Lassen Sie die gefrorene Milch immer im K\u00fchlschrank auftauen, um die Qualit\u00e4t zu erhalten.<\/p>\n<p><strong>Versand au\u00dferhalb der Niederlande<\/strong><\/p>\n<p>In andere L\u00e4nder wird die frische und gefrorene Kamelmilch in einer Styropor-Isolierbox mit Eisbeuteln verschifft. Die Standardversandart daf\u00fcr ist DHL Express. Wenn Sie DPD nutzen, das von unserer Standardversandart abweicht, ist es auf eigene Gefahr, wenn die Kamelmilch nicht mehr vollst\u00e4ndig gek\u00fchlt ankommt.<\/p>\n<p>Sobald die Milch verpackt ist, erhalten Sie eine E-Mail mit dem Track &amp; Trace-Code (\u00fcberpr\u00fcfen Sie auch Ihren Spam-Ordner). Die Kamelmilch wird innerhalb von 48 Stunden geliefert.<\/p>\n<p>* Verfolgen Sie das Paket \u00fcber den Track &amp; Trace-Code* Stellen Sie sicher, dass zum Zeitpunkt der Lieferung jemand zu Hause ist* Legen Sie die Milch sofort nach Erhalt in den K\u00fchlschrank oder Gefrierschrank* Lassen Sie gefrorene Kamelmilch immer im K\u00fchlschrank auftauen<\/p>\n<p>M\u00f6chten Sie die Milch lieber selbst abholen? Hier geht es zu unseren <a href=\"\/de\/verkaufsstellen\/\">Verkaufsstellen<\/a>.<\/p>\n<\/div><\/div><\/div><\/div><\/div>\n","protected":false},"excerpt":{"rendered":"","protected":false},"author":1,"featured_media":0,"parent":0,"menu_order":0,"comment_status":"closed","ping_status":"closed","template":"100-width.php","meta":{"_acf_changed":false,"footnotes":""},"class_list":["post-4983","page","type-page","status-publish","hentry"],"acf":[],"_links":{"self":[{"href":"https:\/\/oasismilk.com\/de\/wp-json\/wp\/v2\/pages\/4983","targetHints":{"allow":["GET"]}}],"collection":[{"href":"https:\/\/oasismilk.com\/de\/wp-json\/wp\/v2\/pages"}],"about":[{"href":"https:\/\/oasismilk.com\/de\/wp-json\/wp\/v2\/types\/page"}],"author":[{"embeddable":true,"href":"https:\/\/oasismilk.com\/de\/wp-json\/wp\/v2\/users\/1"}],"replies":[{"embeddable":true,"href":"https:\/\/oasismilk.com\/de\/wp-json\/wp\/v2\/comments?post=4983"}],"version-history":[{"count":2,"href":"https:\/\/oasismilk.com\/de\/wp-json\/wp\/v2\/pages\/4983\/revisions"}],"predecessor-version":[{"id":8624,"href":"https:\/\/oasismilk.com\/de\/wp-json\/wp\/v2\/pages\/4983\/revisions\/8624"}],"wp:attachment":[{"href":"https:\/\/oasismilk.com\/de\/wp-json\/wp\/v2\/media?parent=4983"}],"curies":[{"name":"wp","href":"https:\/\/api.w.org\/{rel}","templated":true}]}}