{"id":4975,"date":"2024-10-15T14:04:55","date_gmt":"2024-10-15T14:04:55","guid":{"rendered":"https:\/\/oasismilk.com\/?page_id=4975"},"modified":"2024-12-09T08:08:34","modified_gmt":"2024-12-09T08:08:34","slug":"armer-ritter","status":"publish","type":"page","link":"https:\/\/oasismilk.com\/de\/rezepte\/armer-ritter\/","title":{"rendered":"Armer Ritter mit kamelmilch"},"content":{"rendered":"<div class=\"fusion-fullwidth fullwidth-box fusion-builder-row-1 fusion-flex-container has-pattern-background has-mask-background nonhundred-percent-fullwidth non-hundred-percent-height-scrolling\" style=\"--awb-border-radius-top-left:0px;--awb-border-radius-top-right:0px;--awb-border-radius-bottom-right:0px;--awb-border-radius-bottom-left:0px;--awb-padding-top:40px;--awb-padding-right:15px;--awb-padding-bottom:60px;--awb-padding-left:15px;--awb-flex-wrap:wrap;\" ><div class=\"fusion-builder-row fusion-row fusion-flex-align-items-flex-start fusion-flex-content-wrap\" style=\"max-width:1248px;margin-left: calc(-4% \/ 2 );margin-right: calc(-4% \/ 2 );\"><div class=\"fusion-layout-column fusion_builder_column fusion-builder-column-0 fusion_builder_column_1_1 1_1 fusion-flex-column\" style=\"--awb-bg-size:cover;--awb-width-large:100%;--awb-margin-top-large:0px;--awb-spacing-right-large:1.92%;--awb-margin-bottom-large:0px;--awb-spacing-left-large:1.92%;--awb-width-medium:100%;--awb-order-medium:0;--awb-spacing-right-medium:1.92%;--awb-spacing-left-medium:1.92%;--awb-width-small:100%;--awb-order-small:0;--awb-spacing-right-small:1.92%;--awb-spacing-left-small:1.92%;\"><div class=\"fusion-column-wrapper fusion-column-has-shadow fusion-flex-justify-content-flex-start fusion-content-layout-column\"><div class=\"fusion-title title fusion-title-1 fusion-sep-none fusion-title-text fusion-title-size-one\" style=\"--awb-margin-bottom:40px;--awb-margin-top-small:10px;--awb-margin-right-small:0px;--awb-margin-bottom-small:10px;--awb-margin-left-small:0px;\"><h1 class=\"fusion-title-heading title-heading-left\" style=\"margin:0;\">Armer Ritter mit kamelmilch<\/h1><\/div><div class=\"fusion-text fusion-text-1\"><p><strong>Zutaten<\/strong><\/p>\n<ul>\n<li>Kamelmilch 250ml<\/li>\n<li>8 Scheiben Wei\u00dfbrot<\/li>\n<li>1 Ei<\/li>\n<li>2 P\u00e4ckchen Vanillezucker<\/li>\n<li>1 TL Zimt<\/li>\n<li>40 g Butter<\/li>\n<\/ul>\n<p><strong>Vorbereitung<\/strong><br \/>\nDas Ei, Vanillezucker , Zimt und Kamelmilch lose in einen tiefen Teller. Rollen Sie die Brotscheiben eins zu eins in die Ei-Mischung und stapeln sie auf einer Platte. Gie\u00dfen Sie den Rest der Ei-Mischung \u00fcber das Brot Stack. Lassen Sie es f\u00fcr eine Weile. Erhitzen Sie die H\u00e4lfte der Butter in einer Pfanne und braten Sie die H\u00e4lfte Toast 5 Minuten, bis sie goldbraun sind. sie einmal auf halbem Weg. Aus der Pfanne nehmen, die restliche Butter erhitzen und den Rest des Toast bis sie goldbraun braten.<\/p>\n<\/div><\/div><\/div><\/div><\/div>\n","protected":false},"excerpt":{"rendered":"","protected":false},"author":1,"featured_media":0,"parent":4957,"menu_order":0,"comment_status":"closed","ping_status":"closed","template":"100-width.php","meta":{"_acf_changed":false,"footnotes":""},"class_list":["post-4975","page","type-page","status-publish","hentry"],"acf":[],"_links":{"self":[{"href":"https:\/\/oasismilk.com\/de\/wp-json\/wp\/v2\/pages\/4975","targetHints":{"allow":["GET"]}}],"collection":[{"href":"https:\/\/oasismilk.com\/de\/wp-json\/wp\/v2\/pages"}],"about":[{"href":"https:\/\/oasismilk.com\/de\/wp-json\/wp\/v2\/types\/page"}],"author":[{"embeddable":true,"href":"https:\/\/oasismilk.com\/de\/wp-json\/wp\/v2\/users\/1"}],"replies":[{"embeddable":true,"href":"https:\/\/oasismilk.com\/de\/wp-json\/wp\/v2\/comments?post=4975"}],"version-history":[{"count":0,"href":"https:\/\/oasismilk.com\/de\/wp-json\/wp\/v2\/pages\/4975\/revisions"}],"up":[{"embeddable":true,"href":"https:\/\/oasismilk.com\/de\/wp-json\/wp\/v2\/pages\/4957"}],"wp:attachment":[{"href":"https:\/\/oasismilk.com\/de\/wp-json\/wp\/v2\/media?parent=4975"}],"curies":[{"name":"wp","href":"https:\/\/api.w.org\/{rel}","templated":true}]}}