{"id":4965,"date":"2024-10-15T14:02:55","date_gmt":"2024-10-15T14:02:55","guid":{"rendered":"https:\/\/oasismilk.com\/?page_id=4965"},"modified":"2024-12-09T07:58:58","modified_gmt":"2024-12-09T07:58:58","slug":"chipolata-pudding","status":"publish","type":"page","link":"https:\/\/oasismilk.com\/de\/rezepte\/chipolata-pudding\/","title":{"rendered":"Chipolata Pudding mit kamelmilch und kamelmilch-likor"},"content":{"rendered":"<div class=\"fusion-fullwidth fullwidth-box fusion-builder-row-1 fusion-flex-container has-pattern-background has-mask-background nonhundred-percent-fullwidth non-hundred-percent-height-scrolling\" style=\"--awb-border-radius-top-left:0px;--awb-border-radius-top-right:0px;--awb-border-radius-bottom-right:0px;--awb-border-radius-bottom-left:0px;--awb-padding-top:40px;--awb-padding-right:15px;--awb-padding-bottom:60px;--awb-padding-left:15px;--awb-flex-wrap:wrap;\" ><div class=\"fusion-builder-row fusion-row fusion-flex-align-items-flex-start fusion-flex-content-wrap\" style=\"max-width:1248px;margin-left: calc(-4% \/ 2 );margin-right: calc(-4% \/ 2 );\"><div class=\"fusion-layout-column fusion_builder_column fusion-builder-column-0 fusion_builder_column_1_1 1_1 fusion-flex-column\" style=\"--awb-bg-size:cover;--awb-width-large:100%;--awb-margin-top-large:0px;--awb-spacing-right-large:1.92%;--awb-margin-bottom-large:0px;--awb-spacing-left-large:1.92%;--awb-width-medium:100%;--awb-order-medium:0;--awb-spacing-right-medium:1.92%;--awb-spacing-left-medium:1.92%;--awb-width-small:100%;--awb-order-small:0;--awb-spacing-right-small:1.92%;--awb-spacing-left-small:1.92%;\"><div class=\"fusion-column-wrapper fusion-column-has-shadow fusion-flex-justify-content-flex-start fusion-content-layout-column\"><div class=\"fusion-title title fusion-title-1 fusion-sep-none fusion-title-text fusion-title-size-one\" style=\"--awb-margin-bottom:40px;--awb-margin-top-small:10px;--awb-margin-right-small:0px;--awb-margin-bottom-small:10px;--awb-margin-left-small:0px;\"><h1 class=\"fusion-title-heading title-heading-left\" style=\"margin:0;\">Chipolata Pudding mit kamelmilch und kamelmilch-likor<\/h1><\/div><div class=\"fusion-text fusion-text-1\"><section id=\"section-textpage\" class=\"container textpage mb-5 mb-lg-8\">\n<div class=\"text-component\">\n<p><strong>Zutaten (f\u00fcr 1 Liter Pudding, etwa 4 Portionen)<\/strong><\/p>\n<p>750 ml Kamelmilch und Kamelmilch Kamelmilch<br \/>\n100 g Zucker<br \/>\n7 Bl\u00e4tter wei\u00dfe Gelatine<br \/>\n3 Eigelb<br \/>\n1 Vanillepulver<br \/>\n50g Rosinen, Gewalt<br \/>\n100 g Schokolade in St\u00fccke<br \/>\n100 g Makronen, in kleine St\u00fccke gehackt<br \/>\n10 EL Kamelmilch-Lik\u00f6r<br \/>\n1 Packung L\u00f6ffelbiskuits<\/p>\n<p><strong>Vorbereitung<\/strong><br \/>\nIn einem Topf Hitze sanft f\u00fcr 10 Minuten laufen lassen, der Kamelmilch und Vanillepulver. In einer Sch\u00fcssel mit kaltem Wasser Gelatine f\u00fcr 10 Minuten einweichen. Makronen, Rosinen und Schokolade in eine Sch\u00fcssel streuen die Kamelmilch-Lik\u00f6r. Die Eigelb mit dem Zucker schaumig r\u00fchren. Kleine hei\u00dfe Milchmischung und schlagen Sie auf Eigelb oder Eigelbmasse r\u00fchren alle zu hei\u00dfe Milch hinzuf\u00fcgen. Vollst\u00e4ndig R\u00fchren Hitze, nicht kochen, schafft gebunden an Vanilleso\u00dfe. Entfernen Sie die Pfanne vom Herd nehmen und unter R\u00fchren in der Gelatine mit dem Vanillepudding. Custard einer ganzen zu k\u00fchlen ist gallertartig. Mischung aus Makronen, Rosinen, Schokolade und Kamelmilch-Lik\u00f6r schafft sanft durch. Gie\u00dfen Sie die Mischung in eine Puddingform und Form lange Finger Absicherung.<\/p>\n<p>Haben Sie auch ein leckeres Rezept mit Kamelmilch oder\u00a0Kamelmilch pulver? Bitte senden Sie Ihr Rezept und ein Bild des Endergebnisses zu\u00a0<a href=\"mailto:info@oasismilk.com\">info@oasismilk.com<\/a>.<\/p>\n<\/div>\n<\/section>\n<\/div><\/div><\/div><\/div><\/div>\n","protected":false},"excerpt":{"rendered":"","protected":false},"author":1,"featured_media":0,"parent":4957,"menu_order":0,"comment_status":"closed","ping_status":"closed","template":"100-width.php","meta":{"_acf_changed":false,"footnotes":""},"class_list":["post-4965","page","type-page","status-publish","hentry"],"acf":[],"_links":{"self":[{"href":"https:\/\/oasismilk.com\/de\/wp-json\/wp\/v2\/pages\/4965","targetHints":{"allow":["GET"]}}],"collection":[{"href":"https:\/\/oasismilk.com\/de\/wp-json\/wp\/v2\/pages"}],"about":[{"href":"https:\/\/oasismilk.com\/de\/wp-json\/wp\/v2\/types\/page"}],"author":[{"embeddable":true,"href":"https:\/\/oasismilk.com\/de\/wp-json\/wp\/v2\/users\/1"}],"replies":[{"embeddable":true,"href":"https:\/\/oasismilk.com\/de\/wp-json\/wp\/v2\/comments?post=4965"}],"version-history":[{"count":0,"href":"https:\/\/oasismilk.com\/de\/wp-json\/wp\/v2\/pages\/4965\/revisions"}],"up":[{"embeddable":true,"href":"https:\/\/oasismilk.com\/de\/wp-json\/wp\/v2\/pages\/4957"}],"wp:attachment":[{"href":"https:\/\/oasismilk.com\/de\/wp-json\/wp\/v2\/media?parent=4965"}],"curies":[{"name":"wp","href":"https:\/\/api.w.org\/{rel}","templated":true}]}}