{"id":4962,"date":"2024-10-15T14:04:15","date_gmt":"2024-10-15T14:04:15","guid":{"rendered":"https:\/\/oasismilk.com\/?page_id=4962"},"modified":"2024-12-09T07:55:53","modified_gmt":"2024-12-09T07:55:53","slug":"caffe-macchiato","status":"publish","type":"page","link":"https:\/\/oasismilk.com\/de\/rezepte\/caffe-macchiato\/","title":{"rendered":"Caff\u00e8 Macchiato mit kamelmilch"},"content":{"rendered":"<div class=\"fusion-fullwidth fullwidth-box fusion-builder-row-1 fusion-flex-container has-pattern-background has-mask-background nonhundred-percent-fullwidth non-hundred-percent-height-scrolling\" style=\"--awb-border-radius-top-left:0px;--awb-border-radius-top-right:0px;--awb-border-radius-bottom-right:0px;--awb-border-radius-bottom-left:0px;--awb-padding-top:40px;--awb-padding-right:15px;--awb-padding-bottom:60px;--awb-padding-left:15px;--awb-flex-wrap:wrap;\" ><div class=\"fusion-builder-row fusion-row fusion-flex-align-items-flex-start fusion-flex-content-wrap\" style=\"max-width:1248px;margin-left: calc(-4% \/ 2 );margin-right: calc(-4% \/ 2 );\"><div class=\"fusion-layout-column fusion_builder_column fusion-builder-column-0 fusion_builder_column_1_1 1_1 fusion-flex-column\" style=\"--awb-bg-size:cover;--awb-width-large:100%;--awb-margin-top-large:0px;--awb-spacing-right-large:1.92%;--awb-margin-bottom-large:0px;--awb-spacing-left-large:1.92%;--awb-width-medium:100%;--awb-order-medium:0;--awb-spacing-right-medium:1.92%;--awb-spacing-left-medium:1.92%;--awb-width-small:100%;--awb-order-small:0;--awb-spacing-right-small:1.92%;--awb-spacing-left-small:1.92%;\"><div class=\"fusion-column-wrapper fusion-column-has-shadow fusion-flex-justify-content-flex-start fusion-content-layout-column\"><div class=\"fusion-title title fusion-title-1 fusion-sep-none fusion-title-text fusion-title-size-one\" style=\"--awb-margin-bottom:40px;--awb-margin-top-small:10px;--awb-margin-right-small:0px;--awb-margin-bottom-small:10px;--awb-margin-left-small:0px;\"><h1 class=\"fusion-title-heading title-heading-left\" style=\"margin:0;\">Caff\u00e8 Macchiato mit kamelmilch<\/h1><\/div><div class=\"fusion-text fusion-text-1\"><p><strong>Zutaten (f\u00fcr zwei Gl\u00e4ser Kamelmilch macchiato)<\/strong><\/p>\n<ul>\n<li>400 ml frischem Kamelmilch<\/li>\n<li>2 Tassen Espresso<\/li>\n<li>Zucker<\/li>\n<\/ul>\n<p><strong>Vorbereitung<\/strong><br \/>\nEigentlich ein Kamelmilch Macchiato nichts anderes als geschlagener Kamelmilch , die in einen Espresso gegossen wird.<\/p>\n<p>Um es richtig zu machen, m\u00fcssen Sie ein gro\u00dfes Glas, die f\u00fcr hei\u00dfe Getr\u00e4nke geeignet ist. Ein kleiner Topf, in dem Sie die Kamelmilch tun und heizt leise, passen nicht kochen und gleichzeitige Ruhe f\u00fcgt sie Milch mit einem kleinen Schneebesen, bis ein sch\u00f6ner Schaum. Wenn der Schaum geschlagen wird man den Schaum erzeugen und m\u00f6glicherweise ein wenig fl\u00fcssiger Milch in das Glas verbleibt, bis das Glas fast voll ist. Dann gie\u00dfen Sie den hei\u00dfen Espresso ruhig in der Milchschaum und so erhalten Sie eine nette Kamelmilch Macchiato. Optional k\u00f6nnen Sie etwas Zucker hinzuf\u00fcgen.<\/p>\n<\/div><\/div><\/div><\/div><\/div>\n","protected":false},"excerpt":{"rendered":"","protected":false},"author":1,"featured_media":0,"parent":4957,"menu_order":0,"comment_status":"closed","ping_status":"closed","template":"100-width.php","meta":{"_acf_changed":false,"footnotes":""},"class_list":["post-4962","page","type-page","status-publish","hentry"],"acf":[],"_links":{"self":[{"href":"https:\/\/oasismilk.com\/de\/wp-json\/wp\/v2\/pages\/4962","targetHints":{"allow":["GET"]}}],"collection":[{"href":"https:\/\/oasismilk.com\/de\/wp-json\/wp\/v2\/pages"}],"about":[{"href":"https:\/\/oasismilk.com\/de\/wp-json\/wp\/v2\/types\/page"}],"author":[{"embeddable":true,"href":"https:\/\/oasismilk.com\/de\/wp-json\/wp\/v2\/users\/1"}],"replies":[{"embeddable":true,"href":"https:\/\/oasismilk.com\/de\/wp-json\/wp\/v2\/comments?post=4962"}],"version-history":[{"count":0,"href":"https:\/\/oasismilk.com\/de\/wp-json\/wp\/v2\/pages\/4962\/revisions"}],"up":[{"embeddable":true,"href":"https:\/\/oasismilk.com\/de\/wp-json\/wp\/v2\/pages\/4957"}],"wp:attachment":[{"href":"https:\/\/oasismilk.com\/de\/wp-json\/wp\/v2\/media?parent=4962"}],"curies":[{"name":"wp","href":"https:\/\/api.w.org\/{rel}","templated":true}]}}