{"id":4957,"date":"2024-10-15T13:37:52","date_gmt":"2024-10-15T11:37:52","guid":{"rendered":"https:\/\/oasismilk.com\/?page_id=4957"},"modified":"2025-03-11T20:17:30","modified_gmt":"2025-03-11T19:17:30","slug":"rezepte","status":"publish","type":"page","link":"https:\/\/oasismilk.com\/de\/rezepte\/","title":{"rendered":"Rezepte"},"content":{"rendered":"<p><div class=\"fusion-fullwidth fullwidth-box fusion-builder-row-1 fusion-flex-container has-pattern-background has-mask-background nonhundred-percent-fullwidth non-hundred-percent-height-scrolling\" style=\"--awb-border-radius-top-left:0px;--awb-border-radius-top-right:0px;--awb-border-radius-bottom-right:0px;--awb-border-radius-bottom-left:0px;--awb-padding-top:0px;--awb-padding-right:15px;--awb-padding-bottom:0px;--awb-padding-left:15px;--awb-flex-wrap:wrap;\" ><div class=\"fusion-builder-row fusion-row fusion-flex-align-items-flex-start fusion-flex-content-wrap\" style=\"max-width:1248px;margin-left: calc(-4% \/ 2 );margin-right: calc(-4% \/ 2 );\"><div class=\"fusion-layout-column fusion_builder_column fusion-builder-column-0 fusion_builder_column_1_1 1_1 fusion-flex-column\" style=\"--awb-bg-size:cover;--awb-width-large:100%;--awb-margin-top-large:0px;--awb-spacing-right-large:1.92%;--awb-margin-bottom-large:0px;--awb-spacing-left-large:1.92%;--awb-width-medium:100%;--awb-order-medium:0;--awb-spacing-right-medium:1.92%;--awb-spacing-left-medium:1.92%;--awb-width-small:100%;--awb-order-small:0;--awb-spacing-right-small:1.92%;--awb-spacing-left-small:1.92%;\"><div class=\"fusion-column-wrapper fusion-column-has-shadow fusion-flex-justify-content-flex-start fusion-content-layout-column\"><div class=\"fusion-title title fusion-title-1 fusion-sep-none fusion-title-text fusion-title-size-one\" style=\"--awb-margin-bottom:40px;--awb-margin-top-small:10px;--awb-margin-right-small:0px;--awb-margin-bottom-small:10px;--awb-margin-left-small:0px;\"><h1 class=\"fusion-title-heading title-heading-left\" style=\"margin:0;\">Rezepte mit kamelmilch<\/h1><\/div><div class=\"fusion-text fusion-text-1\"><p>Kamelmilch ist nicht nur k\u00f6stlich zum Trinken, sondern eignet sich auch sehr gut f\u00fcr die Verwendung in der K\u00fcche. Die besten Rezepte mit Kamelmilch finden Sie hier.<\/p>\n<\/div><\/div><\/div><\/div><\/div><div class=\"fusion-fullwidth fullwidth-box fusion-builder-row-2 fusion-flex-container has-pattern-background has-mask-background nonhundred-percent-fullwidth non-hundred-percent-height-scrolling\" style=\"--awb-border-radius-top-left:0px;--awb-border-radius-top-right:0px;--awb-border-radius-bottom-right:0px;--awb-border-radius-bottom-left:0px;--awb-padding-top:40px;--awb-padding-bottom:60px;--awb-flex-wrap:wrap;\" ><div class=\"fusion-builder-row fusion-row fusion-flex-align-items-flex-start fusion-flex-content-wrap\" style=\"max-width:1248px;margin-left: calc(-4% \/ 2 );margin-right: calc(-4% \/ 2 );\"><div class=\"fusion-layout-column fusion_builder_column fusion-builder-column-1 fusion_builder_column_1_4 1_4 fusion-flex-column fusion-column-inner-bg-wrapper\" style=\"--awb-overflow:hidden;--awb-inner-bg-color:var(--awb-custom_color_1);--awb-inner-bg-color-hover:var(--awb-custom_color_1);--awb-inner-bg-size:cover;--awb-border-radius:20px 20px 20px 20px;--awb-inner-bg-border-radius:20px 20px 20px 20px;--awb-inner-bg-overflow:hidden;--awb-width-large:25%;--awb-margin-top-large:0px;--awb-spacing-right-large:7.68%;--awb-margin-bottom-large:30px;--awb-spacing-left-large:7.68%;--awb-width-medium:25%;--awb-order-medium:0;--awb-spacing-right-medium:7.68%;--awb-spacing-left-medium:7.68%;--awb-width-small:100%;--awb-order-small:0;--awb-spacing-right-small:1.92%;--awb-spacing-left-small:1.92%;\" data-scroll-devices=\"small-visibility,medium-visibility,large-visibility\"><span class=\"fusion-column-inner-bg hover-type-none\"><a class=\"fusion-column-anchor\" href=\"\/de\/rezepte\/pfannkuchen\/\"><span class=\"fusion-column-inner-bg-image\"><\/span><\/a><\/span><div class=\"fusion-column-wrapper fusion-column-has-shadow fusion-flex-justify-content-flex-start fusion-content-layout-column\"><div class=\"fusion-image-element \" style=\"--awb-aspect-ratio: 100 \/ 100;--awb-margin-top:0px;--awb-margin-right:0px;--awb-margin-bottom:10px;--awb-margin-left:0px;--awb-caption-title-font-family:var(--h2_typography-font-family);--awb-caption-title-font-weight:var(--h2_typography-font-weight);--awb-caption-title-font-style:var(--h2_typography-font-style);--awb-caption-title-size:var(--h2_typography-font-size);--awb-caption-title-transform:var(--h2_typography-text-transform);--awb-caption-title-line-height:var(--h2_typography-line-height);--awb-caption-title-letter-spacing:var(--h2_typography-letter-spacing);\"><span class=\" fusion-imageframe imageframe-none imageframe-1 hover-type-none has-aspect-ratio\"><img decoding=\"async\" width=\"800\" height=\"800\" alt=\"Pfannkuchen aus Kamelmilch Oasis Milk\" title=\"Pfannkuchen aus Kamelmilch Oasis Milk\" src=\"https:\/\/oasismilk.com\/wp-content\/uploads\/2024\/12\/pfannkuchen-kamelmilch-rezept-oasis-milk.jpg\" data-orig-src=\"https:\/\/oasismilk.com\/wp-content\/uploads\/2024\/12\/pfannkuchen-kamelmilch-rezept-oasis-milk.jpg\" class=\"lazyload img-responsive wp-image-5939 img-with-aspect-ratio\" data-parent-fit=\"cover\" data-parent-container=\".fusion-image-element\" srcset=\"data:image\/svg+xml,%3Csvg%20xmlns%3D%27http%3A%2F%2Fwww.w3.org%2F2000%2Fsvg%27%20width%3D%27800%27%20height%3D%27800%27%20viewBox%3D%270%200%20800%20800%27%3E%3Crect%20width%3D%27800%27%20height%3D%27800%27%20fill-opacity%3D%220%22%2F%3E%3C%2Fsvg%3E\" data-srcset=\"https:\/\/oasismilk.com\/wp-content\/uploads\/2024\/12\/pfannkuchen-kamelmilch-rezept-oasis-milk-200x200.jpg 200w, https:\/\/oasismilk.com\/wp-content\/uploads\/2024\/12\/pfannkuchen-kamelmilch-rezept-oasis-milk-400x400.jpg 400w, https:\/\/oasismilk.com\/wp-content\/uploads\/2024\/12\/pfannkuchen-kamelmilch-rezept-oasis-milk-600x600.jpg 600w, https:\/\/oasismilk.com\/wp-content\/uploads\/2024\/12\/pfannkuchen-kamelmilch-rezept-oasis-milk.jpg 800w\" data-sizes=\"auto\" data-orig-sizes=\"(max-width: 800px) 100vw, 400px\" \/><\/span><\/div><div class=\"fusion-text fusion-text-2\" style=\"--awb-content-alignment:center;--awb-font-size:16px;--awb-letter-spacing:1px;--awb-text-transform:uppercase;--awb-text-color:var(--awb-color4);--awb-text-font-family:&quot;Kanit&quot;;--awb-text-font-style:normal;--awb-text-font-weight:600;\"><p>Pfannkuchen<\/p>\n<\/div><\/div><\/div><div class=\"fusion-layout-column fusion_builder_column fusion-builder-column-2 fusion_builder_column_1_4 1_4 fusion-flex-column fusion-column-inner-bg-wrapper\" style=\"--awb-overflow:hidden;--awb-inner-bg-color:var(--awb-custom_color_1);--awb-inner-bg-color-hover:var(--awb-custom_color_1);--awb-inner-bg-size:cover;--awb-border-radius:20px 20px 20px 20px;--awb-inner-bg-border-radius:20px 20px 20px 20px;--awb-inner-bg-overflow:hidden;--awb-width-large:25%;--awb-margin-top-large:0px;--awb-spacing-right-large:7.68%;--awb-margin-bottom-large:30px;--awb-spacing-left-large:7.68%;--awb-width-medium:25%;--awb-order-medium:0;--awb-spacing-right-medium:7.68%;--awb-spacing-left-medium:7.68%;--awb-width-small:100%;--awb-order-small:0;--awb-spacing-right-small:1.92%;--awb-spacing-left-small:1.92%;\" data-scroll-devices=\"small-visibility,medium-visibility,large-visibility\"><span class=\"fusion-column-inner-bg hover-type-none\"><a class=\"fusion-column-anchor\" href=\"\/de\/rezepte\/chipolata-pudding\/\"><span class=\"fusion-column-inner-bg-image\"><\/span><\/a><\/span><div class=\"fusion-column-wrapper fusion-column-has-shadow fusion-flex-justify-content-flex-start fusion-content-layout-column\"><div class=\"fusion-image-element \" style=\"--awb-aspect-ratio: 100 \/ 100;--awb-margin-top:0px;--awb-margin-right:0px;--awb-margin-bottom:10px;--awb-margin-left:0px;--awb-caption-title-font-family:var(--h2_typography-font-family);--awb-caption-title-font-weight:var(--h2_typography-font-weight);--awb-caption-title-font-style:var(--h2_typography-font-style);--awb-caption-title-size:var(--h2_typography-font-size);--awb-caption-title-transform:var(--h2_typography-text-transform);--awb-caption-title-line-height:var(--h2_typography-line-height);--awb-caption-title-letter-spacing:var(--h2_typography-letter-spacing);\"><span class=\" fusion-imageframe imageframe-none imageframe-2 hover-type-none has-aspect-ratio\"><img decoding=\"async\" width=\"800\" height=\"800\" alt=\"Chipolato-Pudding aus Kamelmilch und Kamelmilchlik\u00f6r Oasis Milk\" title=\"Chipolato-Pudding aus Kamelmilch und Kamelmilchlik\u00f6r Oasis Milk\" src=\"https:\/\/oasismilk.com\/wp-content\/uploads\/2024\/12\/chipolato-pudding-kamelmilch-rezept-oasis-milk.jpg\" data-orig-src=\"https:\/\/oasismilk.com\/wp-content\/uploads\/2024\/12\/chipolato-pudding-kamelmilch-rezept-oasis-milk.jpg\" class=\"lazyload img-responsive wp-image-5929 img-with-aspect-ratio\" data-parent-fit=\"cover\" data-parent-container=\".fusion-image-element\" srcset=\"data:image\/svg+xml,%3Csvg%20xmlns%3D%27http%3A%2F%2Fwww.w3.org%2F2000%2Fsvg%27%20width%3D%27800%27%20height%3D%27800%27%20viewBox%3D%270%200%20800%20800%27%3E%3Crect%20width%3D%27800%27%20height%3D%27800%27%20fill-opacity%3D%220%22%2F%3E%3C%2Fsvg%3E\" data-srcset=\"https:\/\/oasismilk.com\/wp-content\/uploads\/2024\/12\/chipolato-pudding-kamelmilch-rezept-oasis-milk-200x200.jpg 200w, https:\/\/oasismilk.com\/wp-content\/uploads\/2024\/12\/chipolato-pudding-kamelmilch-rezept-oasis-milk-400x400.jpg 400w, https:\/\/oasismilk.com\/wp-content\/uploads\/2024\/12\/chipolato-pudding-kamelmilch-rezept-oasis-milk-600x600.jpg 600w, https:\/\/oasismilk.com\/wp-content\/uploads\/2024\/12\/chipolato-pudding-kamelmilch-rezept-oasis-milk.jpg 800w\" data-sizes=\"auto\" data-orig-sizes=\"(max-width: 800px) 100vw, 400px\" \/><\/span><\/div><div class=\"fusion-text fusion-text-3\" style=\"--awb-content-alignment:center;--awb-font-size:16px;--awb-letter-spacing:1px;--awb-text-transform:uppercase;--awb-text-color:var(--awb-color4);--awb-text-font-family:&quot;Kanit&quot;;--awb-text-font-style:normal;--awb-text-font-weight:600;\"><p>Chipolata Pudding<\/p>\n<\/div><\/div><\/div><div class=\"fusion-layout-column fusion_builder_column fusion-builder-column-3 fusion_builder_column_1_4 1_4 fusion-flex-column fusion-column-inner-bg-wrapper\" style=\"--awb-overflow:hidden;--awb-inner-bg-color:var(--awb-custom_color_1);--awb-inner-bg-color-hover:var(--awb-custom_color_1);--awb-inner-bg-size:cover;--awb-border-radius:20px 20px 20px 20px;--awb-inner-bg-border-radius:20px 20px 20px 20px;--awb-inner-bg-overflow:hidden;--awb-width-large:25%;--awb-margin-top-large:0px;--awb-spacing-right-large:7.68%;--awb-margin-bottom-large:30px;--awb-spacing-left-large:7.68%;--awb-width-medium:25%;--awb-order-medium:0;--awb-spacing-right-medium:7.68%;--awb-spacing-left-medium:7.68%;--awb-width-small:100%;--awb-order-small:0;--awb-spacing-right-small:1.92%;--awb-spacing-left-small:1.92%;\" data-scroll-devices=\"small-visibility,medium-visibility,large-visibility\"><span class=\"fusion-column-inner-bg hover-type-none\"><a class=\"fusion-column-anchor\" href=\"\/de\/rezepte\/muffins\/\"><span class=\"fusion-column-inner-bg-image\"><\/span><\/a><\/span><div class=\"fusion-column-wrapper fusion-column-has-shadow fusion-flex-justify-content-flex-start fusion-content-layout-column\"><div class=\"fusion-image-element \" style=\"--awb-aspect-ratio: 100 \/ 100;--awb-margin-top:0px;--awb-margin-right:0px;--awb-margin-bottom:10px;--awb-margin-left:0px;--awb-caption-title-font-family:var(--h2_typography-font-family);--awb-caption-title-font-weight:var(--h2_typography-font-weight);--awb-caption-title-font-style:var(--h2_typography-font-style);--awb-caption-title-size:var(--h2_typography-font-size);--awb-caption-title-transform:var(--h2_typography-text-transform);--awb-caption-title-line-height:var(--h2_typography-line-height);--awb-caption-title-letter-spacing:var(--h2_typography-letter-spacing);\"><span class=\" fusion-imageframe imageframe-none imageframe-3 hover-type-none has-aspect-ratio\"><img decoding=\"async\" width=\"800\" height=\"800\" alt=\"Muffins aus Kamelmilch Oasis Milk\" title=\"Muffins aus Kamelmilch Oasis Milk\" src=\"https:\/\/oasismilk.com\/wp-content\/uploads\/2024\/12\/muffins-kamelenmelk-rezept-oasis-milk.jpg\" data-orig-src=\"https:\/\/oasismilk.com\/wp-content\/uploads\/2024\/12\/muffins-kamelenmelk-rezept-oasis-milk.jpg\" class=\"lazyload img-responsive wp-image-5944 img-with-aspect-ratio\" data-parent-fit=\"cover\" data-parent-container=\".fusion-image-element\" srcset=\"data:image\/svg+xml,%3Csvg%20xmlns%3D%27http%3A%2F%2Fwww.w3.org%2F2000%2Fsvg%27%20width%3D%27800%27%20height%3D%27800%27%20viewBox%3D%270%200%20800%20800%27%3E%3Crect%20width%3D%27800%27%20height%3D%27800%27%20fill-opacity%3D%220%22%2F%3E%3C%2Fsvg%3E\" data-srcset=\"https:\/\/oasismilk.com\/wp-content\/uploads\/2024\/12\/muffins-kamelenmelk-rezept-oasis-milk-200x200.jpg 200w, https:\/\/oasismilk.com\/wp-content\/uploads\/2024\/12\/muffins-kamelenmelk-rezept-oasis-milk-400x400.jpg 400w, https:\/\/oasismilk.com\/wp-content\/uploads\/2024\/12\/muffins-kamelenmelk-rezept-oasis-milk-600x600.jpg 600w, https:\/\/oasismilk.com\/wp-content\/uploads\/2024\/12\/muffins-kamelenmelk-rezept-oasis-milk.jpg 800w\" data-sizes=\"auto\" data-orig-sizes=\"(max-width: 800px) 100vw, 400px\" \/><\/span><\/div><div class=\"fusion-text fusion-text-4\" style=\"--awb-content-alignment:center;--awb-font-size:16px;--awb-letter-spacing:1px;--awb-text-transform:uppercase;--awb-text-color:var(--awb-color4);--awb-text-font-family:&quot;Kanit&quot;;--awb-text-font-style:normal;--awb-text-font-weight:600;\"><p>Muffins<\/p>\n<\/div><\/div><\/div><div class=\"fusion-layout-column fusion_builder_column fusion-builder-column-4 fusion_builder_column_1_4 1_4 fusion-flex-column fusion-column-inner-bg-wrapper\" style=\"--awb-overflow:hidden;--awb-inner-bg-color:var(--awb-custom_color_1);--awb-inner-bg-color-hover:var(--awb-custom_color_1);--awb-inner-bg-size:cover;--awb-border-radius:20px 20px 20px 20px;--awb-inner-bg-border-radius:20px 20px 20px 20px;--awb-inner-bg-overflow:hidden;--awb-width-large:25%;--awb-margin-top-large:0px;--awb-spacing-right-large:7.68%;--awb-margin-bottom-large:30px;--awb-spacing-left-large:7.68%;--awb-width-medium:25%;--awb-order-medium:0;--awb-spacing-right-medium:7.68%;--awb-spacing-left-medium:7.68%;--awb-width-small:100%;--awb-order-small:0;--awb-spacing-right-small:1.92%;--awb-spacing-left-small:1.92%;\" data-scroll-devices=\"small-visibility,medium-visibility,large-visibility\"><span class=\"fusion-column-inner-bg hover-type-none\"><a class=\"fusion-column-anchor\" href=\"\/de\/rezepte\/caffe-macchiato\/\"><span class=\"fusion-column-inner-bg-image\"><\/span><\/a><\/span><div class=\"fusion-column-wrapper fusion-column-has-shadow fusion-flex-justify-content-flex-start fusion-content-layout-column\"><div class=\"fusion-image-element \" style=\"--awb-aspect-ratio: 100 \/ 100;--awb-margin-top:0px;--awb-margin-right:0px;--awb-margin-bottom:10px;--awb-margin-left:0px;--awb-caption-title-font-family:var(--h2_typography-font-family);--awb-caption-title-font-weight:var(--h2_typography-font-weight);--awb-caption-title-font-style:var(--h2_typography-font-style);--awb-caption-title-size:var(--h2_typography-font-size);--awb-caption-title-transform:var(--h2_typography-text-transform);--awb-caption-title-line-height:var(--h2_typography-line-height);--awb-caption-title-letter-spacing:var(--h2_typography-letter-spacing);\"><span class=\" fusion-imageframe imageframe-none imageframe-4 hover-type-none has-aspect-ratio\"><img decoding=\"async\" width=\"800\" height=\"800\" alt=\"Caffe Macchiato mit Kamelmilch Oasis Milk\" title=\"Caffe Macchiato mit Kamelmilch Oasis Milk\" src=\"https:\/\/oasismilk.com\/wp-content\/uploads\/2024\/12\/caffe-macchiato-kamelmilch-rezept-oasis-milk.jpg\" data-orig-src=\"https:\/\/oasismilk.com\/wp-content\/uploads\/2024\/12\/caffe-macchiato-kamelmilch-rezept-oasis-milk.jpg\" class=\"lazyload img-responsive wp-image-5934 img-with-aspect-ratio\" data-parent-fit=\"cover\" data-parent-container=\".fusion-image-element\" srcset=\"data:image\/svg+xml,%3Csvg%20xmlns%3D%27http%3A%2F%2Fwww.w3.org%2F2000%2Fsvg%27%20width%3D%27800%27%20height%3D%27800%27%20viewBox%3D%270%200%20800%20800%27%3E%3Crect%20width%3D%27800%27%20height%3D%27800%27%20fill-opacity%3D%220%22%2F%3E%3C%2Fsvg%3E\" data-srcset=\"https:\/\/oasismilk.com\/wp-content\/uploads\/2024\/12\/caffe-macchiato-kamelmilch-rezept-oasis-milk-200x200.jpg 200w, https:\/\/oasismilk.com\/wp-content\/uploads\/2024\/12\/caffe-macchiato-kamelmilch-rezept-oasis-milk-400x400.jpg 400w, https:\/\/oasismilk.com\/wp-content\/uploads\/2024\/12\/caffe-macchiato-kamelmilch-rezept-oasis-milk-600x600.jpg 600w, https:\/\/oasismilk.com\/wp-content\/uploads\/2024\/12\/caffe-macchiato-kamelmilch-rezept-oasis-milk.jpg 800w\" data-sizes=\"auto\" data-orig-sizes=\"(max-width: 800px) 100vw, 400px\" \/><\/span><\/div><div class=\"fusion-text fusion-text-5\" style=\"--awb-content-alignment:center;--awb-font-size:16px;--awb-letter-spacing:1px;--awb-text-transform:uppercase;--awb-text-color:var(--awb-color4);--awb-text-font-family:&quot;Kanit&quot;;--awb-text-font-style:normal;--awb-text-font-weight:600;\"><p>Caffe Macchiato<\/p>\n<\/div><\/div><\/div><div class=\"fusion-layout-column fusion_builder_column fusion-builder-column-5 fusion_builder_column_1_4 1_4 fusion-flex-column fusion-column-inner-bg-wrapper\" style=\"--awb-overflow:hidden;--awb-inner-bg-color:var(--awb-custom_color_1);--awb-inner-bg-color-hover:var(--awb-custom_color_1);--awb-inner-bg-size:cover;--awb-border-radius:20px 20px 20px 20px;--awb-inner-bg-border-radius:20px 20px 20px 20px;--awb-inner-bg-overflow:hidden;--awb-width-large:25%;--awb-margin-top-large:0px;--awb-spacing-right-large:7.68%;--awb-margin-bottom-large:30px;--awb-spacing-left-large:7.68%;--awb-width-medium:25%;--awb-order-medium:0;--awb-spacing-right-medium:7.68%;--awb-spacing-left-medium:7.68%;--awb-width-small:100%;--awb-order-small:0;--awb-spacing-right-small:1.92%;--awb-spacing-left-small:1.92%;\" data-scroll-devices=\"small-visibility,medium-visibility,large-visibility\"><span class=\"fusion-column-inner-bg hover-type-none\"><a class=\"fusion-column-anchor\" href=\"\/de\/rezepte\/armer-ritter\/\"><span class=\"fusion-column-inner-bg-image\"><\/span><\/a><\/span><div class=\"fusion-column-wrapper fusion-column-has-shadow fusion-flex-justify-content-flex-start fusion-content-layout-column\"><div class=\"fusion-image-element \" style=\"--awb-aspect-ratio: 100 \/ 100;--awb-margin-top:0px;--awb-margin-right:0px;--awb-margin-bottom:10px;--awb-margin-left:0px;--awb-caption-title-font-family:var(--h2_typography-font-family);--awb-caption-title-font-weight:var(--h2_typography-font-weight);--awb-caption-title-font-style:var(--h2_typography-font-style);--awb-caption-title-size:var(--h2_typography-font-size);--awb-caption-title-transform:var(--h2_typography-text-transform);--awb-caption-title-line-height:var(--h2_typography-line-height);--awb-caption-title-letter-spacing:var(--h2_typography-letter-spacing);\"><span class=\" fusion-imageframe imageframe-none imageframe-5 hover-type-none has-aspect-ratio\"><img decoding=\"async\" width=\"800\" height=\"800\" alt=\"Kamelmilch French Toast Oasis Milk\" title=\"Kamelmilch French Toast Oasis Milk\" src=\"https:\/\/oasismilk.com\/wp-content\/uploads\/2024\/12\/french-toast-camel-milk-rezept-oasis-milk.jpg\" data-orig-src=\"https:\/\/oasismilk.com\/wp-content\/uploads\/2024\/12\/french-toast-camel-milk-rezept-oasis-milk.jpg\" class=\"lazyload img-responsive wp-image-5924 img-with-aspect-ratio\" data-parent-fit=\"cover\" data-parent-container=\".fusion-image-element\" srcset=\"data:image\/svg+xml,%3Csvg%20xmlns%3D%27http%3A%2F%2Fwww.w3.org%2F2000%2Fsvg%27%20width%3D%27800%27%20height%3D%27800%27%20viewBox%3D%270%200%20800%20800%27%3E%3Crect%20width%3D%27800%27%20height%3D%27800%27%20fill-opacity%3D%220%22%2F%3E%3C%2Fsvg%3E\" data-srcset=\"https:\/\/oasismilk.com\/wp-content\/uploads\/2024\/12\/french-toast-camel-milk-rezept-oasis-milk-200x200.jpg 200w, https:\/\/oasismilk.com\/wp-content\/uploads\/2024\/12\/french-toast-camel-milk-rezept-oasis-milk-400x400.jpg 400w, https:\/\/oasismilk.com\/wp-content\/uploads\/2024\/12\/french-toast-camel-milk-rezept-oasis-milk-600x600.jpg 600w, https:\/\/oasismilk.com\/wp-content\/uploads\/2024\/12\/french-toast-camel-milk-rezept-oasis-milk.jpg 800w\" data-sizes=\"auto\" data-orig-sizes=\"(max-width: 800px) 100vw, 400px\" \/><\/span><\/div><div class=\"fusion-text fusion-text-6\" style=\"--awb-content-alignment:center;--awb-font-size:16px;--awb-letter-spacing:1px;--awb-text-transform:uppercase;--awb-text-color:var(--awb-color4);--awb-text-font-family:&quot;Kanit&quot;;--awb-text-font-style:normal;--awb-text-font-weight:600;\"><p>Armer Ritter<\/p>\n<\/div><\/div><\/div><\/div><\/div><\/p>\n","protected":false},"excerpt":{"rendered":"","protected":false},"author":1,"featured_media":0,"parent":0,"menu_order":0,"comment_status":"closed","ping_status":"closed","template":"100-width.php","meta":{"_acf_changed":false,"footnotes":""},"class_list":["post-4957","page","type-page","status-publish","hentry"],"acf":[],"_links":{"self":[{"href":"https:\/\/oasismilk.com\/de\/wp-json\/wp\/v2\/pages\/4957","targetHints":{"allow":["GET"]}}],"collection":[{"href":"https:\/\/oasismilk.com\/de\/wp-json\/wp\/v2\/pages"}],"about":[{"href":"https:\/\/oasismilk.com\/de\/wp-json\/wp\/v2\/types\/page"}],"author":[{"embeddable":true,"href":"https:\/\/oasismilk.com\/de\/wp-json\/wp\/v2\/users\/1"}],"replies":[{"embeddable":true,"href":"https:\/\/oasismilk.com\/de\/wp-json\/wp\/v2\/comments?post=4957"}],"version-history":[{"count":2,"href":"https:\/\/oasismilk.com\/de\/wp-json\/wp\/v2\/pages\/4957\/revisions"}],"predecessor-version":[{"id":7046,"href":"https:\/\/oasismilk.com\/de\/wp-json\/wp\/v2\/pages\/4957\/revisions\/7046"}],"wp:attachment":[{"href":"https:\/\/oasismilk.com\/de\/wp-json\/wp\/v2\/media?parent=4957"}],"curies":[{"name":"wp","href":"https:\/\/api.w.org\/{rel}","templated":true}]}}